{"id":3041,"date":"2020-06-29T11:12:33","date_gmt":"2020-06-29T09:12:33","guid":{"rendered":"https:\/\/www.olivierdauga.com\/?page_id=3041"},"modified":"2020-09-08T10:43:16","modified_gmt":"2020-09-08T08:43:16","slug":"operacion-ecologica","status":"publish","type":"page","link":"https:\/\/www.olivierdauga.com\/es\/operacion-ecologica\/","title":{"rendered":"Operaci\u00f3n ecol\u00f3gica"},"content":{"rendered":"\t\t<div data-elementor-type=\"wp-page\" data-elementor-id=\"3041\" class=\"elementor elementor-3041\" data-elementor-post-type=\"page\">\n\t\t\t\t\t\t\t\t\t<section class=\"elementor-section elementor-top-section elementor-element elementor-element-12b57dea elementor-section-boxed elementor-section-height-default elementor-section-height-default\" data-id=\"12b57dea\" data-element_type=\"section\" data-settings=\"{&quot;background_background&quot;:&quot;classic&quot;}\">\n\t\t\t\t\t\t\t<div class=\"elementor-background-overlay\"><\/div>\n\t\t\t\t\t\t\t<div class=\"elementor-container elementor-column-gap-default\">\n\t\t\t\t\t<div class=\"elementor-column elementor-col-100 elementor-top-column elementor-element elementor-element-2e5af231\" data-id=\"2e5af231\" data-element_type=\"column\">\n\t\t\t<div class=\"elementor-widget-wrap elementor-element-populated\">\n\t\t\t\t\t\t\t\t<div class=\"elementor-element elementor-element-36744899 elementor-widget elementor-widget-heading\" data-id=\"36744899\" data-element_type=\"widget\" data-widget_type=\"heading.default\">\n\t\t\t\t<div class=\"elementor-widget-container\">\n\t\t\t<h1 class=\"elementor-heading-title elementor-size-default\">Explotaci\u00f3n ecol\u00f3gica<\/h1>\t\t<\/div>\n\t\t\t\t<\/div>\n\t\t\t\t<div class=\"elementor-element elementor-element-509227c elementor-widget elementor-widget-heading\" data-id=\"509227c\" data-element_type=\"widget\" data-widget_type=\"heading.default\">\n\t\t\t\t<div class=\"elementor-widget-container\">\n\t\t\t<h2 class=\"elementor-heading-title elementor-size-default\">Transformar una operaci\u00f3n en un modelo eco-responsable<\/h2>\t\t<\/div>\n\t\t\t\t<\/div>\n\t\t\t\t\t<\/div>\n\t\t<\/div>\n\t\t\t\t\t\t\t<\/div>\n\t\t<\/section>\n\t\t\t\t<section class=\"elementor-section elementor-top-section elementor-element elementor-element-45ceb09c elementor-section-boxed elementor-section-height-default elementor-section-height-default\" data-id=\"45ceb09c\" data-element_type=\"section\" data-settings=\"{&quot;background_background&quot;:&quot;classic&quot;}\">\n\t\t\t\t\t\t<div class=\"elementor-container elementor-column-gap-default\">\n\t\t\t\t\t<div class=\"elementor-column elementor-col-50 elementor-top-column elementor-element elementor-element-212cfd9f\" data-id=\"212cfd9f\" data-element_type=\"column\" data-settings=\"{&quot;background_background&quot;:&quot;classic&quot;}\">\n\t\t\t<div class=\"elementor-widget-wrap elementor-element-populated\">\n\t\t\t\t\t<div class=\"elementor-background-overlay\"><\/div>\n\t\t\t\t\t\t\t\t<div class=\"elementor-element elementor-element-1364d4b elementor-widget elementor-widget-spacer\" data-id=\"1364d4b\" data-element_type=\"widget\" data-widget_type=\"spacer.default\">\n\t\t\t\t<div class=\"elementor-widget-container\">\n\t\t\t\t\t<div class=\"elementor-spacer\">\n\t\t\t<div class=\"elementor-spacer-inner\"><\/div>\n\t\t<\/div>\n\t\t\t\t<\/div>\n\t\t\t\t<\/div>\n\t\t\t\t<div class=\"elementor-element elementor-element-73822e3e elementor-invisible elementor-widget elementor-widget-text-editor\" data-id=\"73822e3e\" data-element_type=\"widget\" data-settings=\"{&quot;_animation&quot;:&quot;fadeInUp&quot;}\" data-widget_type=\"text-editor.default\">\n\t\t\t\t<div class=\"elementor-widget-container\">\n\t\t\t\t\t\t\t<h2>Auditar la propiedad<\/h2><div>\u00a0<\/div><ol><li>Estudio del clima<\/li><li>Estudio ambiental<\/li><li>Estudio de suelos<\/li><li>Estudio y auditor\u00eda de vi\u00f1edos: fortalezas y debilidades.<\/li><\/ol>\t\t\t\t\t\t<\/div>\n\t\t\t\t<\/div>\n\t\t\t\t<div class=\"elementor-element elementor-element-4eee5a9f elementor-invisible elementor-widget elementor-widget-text-editor\" data-id=\"4eee5a9f\" data-element_type=\"widget\" data-settings=\"{&quot;_animation&quot;:&quot;fadeInUp&quot;}\" data-widget_type=\"text-editor.default\">\n\t\t\t\t<div class=\"elementor-widget-container\">\n\t\t\t\t\t\t\t<h2>Establecer un plan de acci\u00f3n para la transici\u00f3n a org\u00e1nico.<\/h2><p>\u00bfPor qu\u00e9 ser org\u00e1nico? \u00bfY si respetamos nuestra tierra?<\/p><p>\u00a0<\/p><p>\u00a0<\/p><ol><li>En primer lugar, por \u00e9tica, para proteger y preservar a las personas, el medio ambiente y el terroir en el que vivimos.<\/li><li>Brindar un mundo m\u00e1s saludable y equilibrado a nuestros hijos.<\/li><li>Para responder a una demanda creciente de los consumidores sensibles al tema eco- responsable.<\/li><\/ol>\t\t\t\t\t\t<\/div>\n\t\t\t\t<\/div>\n\t\t\t\t\t<\/div>\n\t\t<\/div>\n\t\t\t\t<div class=\"elementor-column elementor-col-50 elementor-top-column elementor-element elementor-element-38aa4d78\" data-id=\"38aa4d78\" data-element_type=\"column\" data-settings=\"{&quot;background_background&quot;:&quot;classic&quot;}\">\n\t\t\t<div class=\"elementor-widget-wrap elementor-element-populated\">\n\t\t\t\t\t\t\t\t<div class=\"elementor-element elementor-element-7fe1e49c elementor-nav-menu__align-left elementor-nav-menu--dropdown-tablet elementor-nav-menu__text-align-aside elementor-nav-menu--toggle elementor-nav-menu--burger elementor-widget elementor-widget-nav-menu\" data-id=\"7fe1e49c\" data-element_type=\"widget\" data-settings=\"{&quot;layout&quot;:&quot;vertical&quot;,&quot;sticky&quot;:&quot;top&quot;,&quot;sticky_offset&quot;:20,&quot;sticky_parent&quot;:&quot;yes&quot;,&quot;submenu_icon&quot;:{&quot;value&quot;:&quot;&lt;i class=\\&quot;fas fa-caret-down\\&quot;&gt;&lt;\\\/i&gt;&quot;,&quot;library&quot;:&quot;fa-solid&quot;},&quot;toggle&quot;:&quot;burger&quot;,&quot;sticky_on&quot;:[&quot;desktop&quot;,&quot;tablet&quot;,&quot;mobile&quot;],&quot;sticky_effects_offset&quot;:0}\" data-widget_type=\"nav-menu.default\">\n\t\t\t\t<div class=\"elementor-widget-container\">\n\t\t\t\t\t\t<nav class=\"elementor-nav-menu--main elementor-nav-menu__container elementor-nav-menu--layout-vertical e--pointer-background e--animation-sweep-right\">\n\t\t\t\t<ul id=\"menu-1-7fe1e49c\" class=\"elementor-nav-menu sm-vertical\"><li class=\"menu-item menu-item-type-post_type menu-item-object-page menu-item-3305\"><a href=\"https:\/\/www.olivierdauga.com\/es\/auditor-en-produccion-y-comercio\/\" class=\"elementor-item\">Auditor en Producci\u00f3n y Comercio<\/a><\/li>\n<li class=\"menu-item menu-item-type-post_type menu-item-object-page menu-item-3308\"><a href=\"https:\/\/www.olivierdauga.com\/es\/produccion-y-montaje\/\" class=\"elementor-item\">Producci\u00f3n y Montaje<\/a><\/li>\n<li class=\"menu-item menu-item-type-post_type menu-item-object-page menu-item-3306\"><a href=\"https:\/\/www.olivierdauga.com\/es\/branding-marketing-y-comunicacion\/\" class=\"elementor-item\">Branding, Marketing y Comunicaci\u00f3n<\/a><\/li>\n<li class=\"menu-item menu-item-type-post_type menu-item-object-page menu-item-3309\"><a href=\"https:\/\/www.olivierdauga.com\/es\/ventas-y-distribucion\/\" class=\"elementor-item\">Ventas y distribuci\u00f3n<\/a><\/li>\n<li class=\"menu-item menu-item-type-post_type menu-item-object-page menu-item-3307\"><a href=\"https:\/\/www.olivierdauga.com\/es\/operacion-ecologica\/\" class=\"elementor-item\">Operaci\u00f3n ecol\u00f3gica<\/a><\/li>\n<\/ul>\t\t\t<\/nav>\n\t\t\t\t\t<div class=\"elementor-menu-toggle\" role=\"button\" tabindex=\"0\" aria-label=\"Alternar men\u00fa\" aria-expanded=\"false\">\n\t\t\t<i aria-hidden=\"true\" role=\"presentation\" class=\"elementor-menu-toggle__icon--open eicon-menu-bar\"><\/i><i aria-hidden=\"true\" role=\"presentation\" class=\"elementor-menu-toggle__icon--close eicon-close\"><\/i>\t\t\t<span class=\"elementor-screen-only\">Men\u00fa<\/span>\n\t\t<\/div>\n\t\t\t\t\t<nav class=\"elementor-nav-menu--dropdown elementor-nav-menu__container\" aria-hidden=\"true\">\n\t\t\t\t<ul id=\"menu-2-7fe1e49c\" class=\"elementor-nav-menu sm-vertical\"><li class=\"menu-item menu-item-type-post_type menu-item-object-page menu-item-3305\"><a href=\"https:\/\/www.olivierdauga.com\/es\/auditor-en-produccion-y-comercio\/\" class=\"elementor-item\" tabindex=\"-1\">Auditor en Producci\u00f3n y Comercio<\/a><\/li>\n<li class=\"menu-item menu-item-type-post_type menu-item-object-page menu-item-3308\"><a href=\"https:\/\/www.olivierdauga.com\/es\/produccion-y-montaje\/\" class=\"elementor-item\" tabindex=\"-1\">Producci\u00f3n y Montaje<\/a><\/li>\n<li class=\"menu-item menu-item-type-post_type menu-item-object-page menu-item-3306\"><a href=\"https:\/\/www.olivierdauga.com\/es\/branding-marketing-y-comunicacion\/\" class=\"elementor-item\" tabindex=\"-1\">Branding, Marketing y Comunicaci\u00f3n<\/a><\/li>\n<li class=\"menu-item menu-item-type-post_type menu-item-object-page menu-item-3309\"><a href=\"https:\/\/www.olivierdauga.com\/es\/ventas-y-distribucion\/\" class=\"elementor-item\" tabindex=\"-1\">Ventas y distribuci\u00f3n<\/a><\/li>\n<li class=\"menu-item menu-item-type-post_type menu-item-object-page menu-item-3307\"><a href=\"https:\/\/www.olivierdauga.com\/es\/operacion-ecologica\/\" class=\"elementor-item\" tabindex=\"-1\">Operaci\u00f3n ecol\u00f3gica<\/a><\/li>\n<\/ul>\t\t\t<\/nav>\n\t\t\t\t<\/div>\n\t\t\t\t<\/div>\n\t\t\t\t\t<\/div>\n\t\t<\/div>\n\t\t\t\t\t\t\t<\/div>\n\t\t<\/section>\n\t\t\t\t<section class=\"elementor-section elementor-top-section elementor-element elementor-element-ebe699d elementor-section-boxed elementor-section-height-default elementor-section-height-default\" data-id=\"ebe699d\" data-element_type=\"section\">\n\t\t\t\t\t\t<div class=\"elementor-container elementor-column-gap-default\">\n\t\t\t\t\t<div class=\"elementor-column elementor-col-100 elementor-top-column elementor-element elementor-element-054f93c\" data-id=\"054f93c\" data-element_type=\"column\">\n\t\t\t<div class=\"elementor-widget-wrap elementor-element-populated\">\n\t\t\t\t\t\t\t\t<div class=\"elementor-element elementor-element-6c13d90 elementor-widget elementor-widget-spacer\" data-id=\"6c13d90\" data-element_type=\"widget\" data-widget_type=\"spacer.default\">\n\t\t\t\t<div class=\"elementor-widget-container\">\n\t\t\t\t\t<div class=\"elementor-spacer\">\n\t\t\t<div class=\"elementor-spacer-inner\"><\/div>\n\t\t<\/div>\n\t\t\t\t<\/div>\n\t\t\t\t<\/div>\n\t\t\t\t\t<\/div>\n\t\t<\/div>\n\t\t\t\t\t\t\t<\/div>\n\t\t<\/section>\n\t\t\t\t\t\t\t<\/div>\n\t\t","protected":false},"excerpt":{"rendered":"<p>Explotaci\u00f3n ecol\u00f3gica Transformar una operaci\u00f3n en un modelo eco-responsable Auditar la propiedad \u00a0 Estudio del clima Estudio ambiental Estudio de suelos Estudio y auditor\u00eda de vi\u00f1edos: fortalezas y debilidades. Establecer un plan de acci\u00f3n para la transici\u00f3n a org\u00e1nico. \u00bfPor qu\u00e9 ser org\u00e1nico? \u00bfY si respetamos nuestra tierra? \u00a0 \u00a0 En primer lugar, por \u00e9tica, [&hellip;]<\/p>\n","protected":false},"author":2,"featured_media":0,"parent":0,"menu_order":0,"comment_status":"closed","ping_status":"closed","template":"","meta":{"footnotes":""},"yoast_head":"<!-- This site is optimized with the Yoast SEO plugin v20.13 - https:\/\/yoast.com\/wordpress\/plugins\/seo\/ -->\n<title>Operaci\u00f3n ecol\u00f3gica - Faiseur de Vin<\/title>\n<meta name=\"robots\" content=\"index, follow, max-snippet:-1, max-image-preview:large, max-video-preview:-1\" \/>\n<link rel=\"canonical\" href=\"https:\/\/www.olivierdauga.com\/es\/operacion-ecologica\/\" \/>\n<meta property=\"og:locale\" content=\"es_ES\" \/>\n<meta property=\"og:type\" content=\"article\" \/>\n<meta property=\"og:title\" content=\"Operaci\u00f3n ecol\u00f3gica - Faiseur de Vin\" \/>\n<meta property=\"og:description\" content=\"Explotaci\u00f3n ecol\u00f3gica Transformar una operaci\u00f3n en un modelo eco-responsable Auditar la propiedad \u00a0 Estudio del clima Estudio ambiental Estudio de suelos Estudio y auditor\u00eda de vi\u00f1edos: fortalezas y debilidades. Establecer un plan de acci\u00f3n para la transici\u00f3n a org\u00e1nico. \u00bfPor qu\u00e9 ser org\u00e1nico? \u00bfY si respetamos nuestra tierra? \u00a0 \u00a0 En primer lugar, por \u00e9tica, [&hellip;]\" \/>\n<meta property=\"og:url\" content=\"https:\/\/www.olivierdauga.com\/es\/operacion-ecologica\/\" \/>\n<meta property=\"og:site_name\" content=\"Faiseur de Vin\" \/>\n<meta property=\"article:modified_time\" content=\"2020-09-08T08:43:16+00:00\" \/>\n<meta name=\"twitter:card\" content=\"summary_large_image\" \/>\n<meta name=\"twitter:label1\" content=\"Tiempo de lectura\" \/>\n\t<meta name=\"twitter:data1\" content=\"1 minuto\" \/>\n<script type=\"application\/ld+json\" class=\"yoast-schema-graph\">{\"@context\":\"https:\/\/schema.org\",\"@graph\":[{\"@type\":\"WebPage\",\"@id\":\"https:\/\/www.olivierdauga.com\/es\/operacion-ecologica\/\",\"url\":\"https:\/\/www.olivierdauga.com\/es\/operacion-ecologica\/\",\"name\":\"Operaci\u00f3n ecol\u00f3gica - Faiseur de Vin\",\"isPartOf\":{\"@id\":\"https:\/\/www.olivierdauga.com\/#website\"},\"datePublished\":\"2020-06-29T09:12:33+00:00\",\"dateModified\":\"2020-09-08T08:43:16+00:00\",\"breadcrumb\":{\"@id\":\"https:\/\/www.olivierdauga.com\/es\/operacion-ecologica\/#breadcrumb\"},\"inLanguage\":\"es\",\"potentialAction\":[{\"@type\":\"ReadAction\",\"target\":[\"https:\/\/www.olivierdauga.com\/es\/operacion-ecologica\/\"]}]},{\"@type\":\"BreadcrumbList\",\"@id\":\"https:\/\/www.olivierdauga.com\/es\/operacion-ecologica\/#breadcrumb\",\"itemListElement\":[{\"@type\":\"ListItem\",\"position\":1,\"name\":\"Accueil\",\"item\":\"https:\/\/www.olivierdauga.com\/es\/\"},{\"@type\":\"ListItem\",\"position\":2,\"name\":\"Operaci\u00f3n ecol\u00f3gica\"}]},{\"@type\":\"WebSite\",\"@id\":\"https:\/\/www.olivierdauga.com\/#website\",\"url\":\"https:\/\/www.olivierdauga.com\/\",\"name\":\"Faiseur de Vin\",\"description\":\"\",\"potentialAction\":[{\"@type\":\"SearchAction\",\"target\":{\"@type\":\"EntryPoint\",\"urlTemplate\":\"https:\/\/www.olivierdauga.com\/?s={search_term_string}\"},\"query-input\":\"required name=search_term_string\"}],\"inLanguage\":\"es\"}]}<\/script>\n<!-- \/ Yoast SEO plugin. -->","yoast_head_json":{"title":"Operaci\u00f3n ecol\u00f3gica - Faiseur de Vin","robots":{"index":"index","follow":"follow","max-snippet":"max-snippet:-1","max-image-preview":"max-image-preview:large","max-video-preview":"max-video-preview:-1"},"canonical":"https:\/\/www.olivierdauga.com\/es\/operacion-ecologica\/","og_locale":"es_ES","og_type":"article","og_title":"Operaci\u00f3n ecol\u00f3gica - Faiseur de Vin","og_description":"Explotaci\u00f3n ecol\u00f3gica Transformar una operaci\u00f3n en un modelo eco-responsable Auditar la propiedad \u00a0 Estudio del clima Estudio ambiental Estudio de suelos Estudio y auditor\u00eda de vi\u00f1edos: fortalezas y debilidades. Establecer un plan de acci\u00f3n para la transici\u00f3n a org\u00e1nico. \u00bfPor qu\u00e9 ser org\u00e1nico? \u00bfY si respetamos nuestra tierra? \u00a0 \u00a0 En primer lugar, por \u00e9tica, [&hellip;]","og_url":"https:\/\/www.olivierdauga.com\/es\/operacion-ecologica\/","og_site_name":"Faiseur de Vin","article_modified_time":"2020-09-08T08:43:16+00:00","twitter_card":"summary_large_image","twitter_misc":{"Tiempo de lectura":"1 minuto"},"schema":{"@context":"https:\/\/schema.org","@graph":[{"@type":"WebPage","@id":"https:\/\/www.olivierdauga.com\/es\/operacion-ecologica\/","url":"https:\/\/www.olivierdauga.com\/es\/operacion-ecologica\/","name":"Operaci\u00f3n ecol\u00f3gica - Faiseur de Vin","isPartOf":{"@id":"https:\/\/www.olivierdauga.com\/#website"},"datePublished":"2020-06-29T09:12:33+00:00","dateModified":"2020-09-08T08:43:16+00:00","breadcrumb":{"@id":"https:\/\/www.olivierdauga.com\/es\/operacion-ecologica\/#breadcrumb"},"inLanguage":"es","potentialAction":[{"@type":"ReadAction","target":["https:\/\/www.olivierdauga.com\/es\/operacion-ecologica\/"]}]},{"@type":"BreadcrumbList","@id":"https:\/\/www.olivierdauga.com\/es\/operacion-ecologica\/#breadcrumb","itemListElement":[{"@type":"ListItem","position":1,"name":"Accueil","item":"https:\/\/www.olivierdauga.com\/es\/"},{"@type":"ListItem","position":2,"name":"Operaci\u00f3n ecol\u00f3gica"}]},{"@type":"WebSite","@id":"https:\/\/www.olivierdauga.com\/#website","url":"https:\/\/www.olivierdauga.com\/","name":"Faiseur de Vin","description":"","potentialAction":[{"@type":"SearchAction","target":{"@type":"EntryPoint","urlTemplate":"https:\/\/www.olivierdauga.com\/?s={search_term_string}"},"query-input":"required name=search_term_string"}],"inLanguage":"es"}]}},"_links":{"self":[{"href":"https:\/\/www.olivierdauga.com\/es\/wp-json\/wp\/v2\/pages\/3041"}],"collection":[{"href":"https:\/\/www.olivierdauga.com\/es\/wp-json\/wp\/v2\/pages"}],"about":[{"href":"https:\/\/www.olivierdauga.com\/es\/wp-json\/wp\/v2\/types\/page"}],"author":[{"embeddable":true,"href":"https:\/\/www.olivierdauga.com\/es\/wp-json\/wp\/v2\/users\/2"}],"replies":[{"embeddable":true,"href":"https:\/\/www.olivierdauga.com\/es\/wp-json\/wp\/v2\/comments?post=3041"}],"version-history":[{"count":5,"href":"https:\/\/www.olivierdauga.com\/es\/wp-json\/wp\/v2\/pages\/3041\/revisions"}],"predecessor-version":[{"id":3861,"href":"https:\/\/www.olivierdauga.com\/es\/wp-json\/wp\/v2\/pages\/3041\/revisions\/3861"}],"wp:attachment":[{"href":"https:\/\/www.olivierdauga.com\/es\/wp-json\/wp\/v2\/media?parent=3041"}],"curies":[{"name":"wp","href":"https:\/\/api.w.org\/{rel}","templated":true}]}}