{"id":3039,"date":"2020-06-29T11:06:08","date_gmt":"2020-06-29T09:06:08","guid":{"rendered":"https:\/\/www.olivierdauga.com\/?page_id=3039"},"modified":"2020-09-08T10:42:55","modified_gmt":"2020-09-08T08:42:55","slug":"branding-marketing-y-comunicacion","status":"publish","type":"page","link":"https:\/\/www.olivierdauga.com\/es\/branding-marketing-y-comunicacion\/","title":{"rendered":"Branding, Marketing y Comunicaci\u00f3n"},"content":{"rendered":"\t\t<div data-elementor-type=\"wp-page\" data-elementor-id=\"3039\" class=\"elementor elementor-3039\" data-elementor-post-type=\"page\">\n\t\t\t\t\t\t\t\t\t<section class=\"elementor-section elementor-top-section elementor-element elementor-element-36ea56d9 elementor-section-boxed elementor-section-height-default elementor-section-height-default\" data-id=\"36ea56d9\" data-element_type=\"section\" data-settings=\"{&quot;background_background&quot;:&quot;classic&quot;}\">\n\t\t\t\t\t\t\t<div class=\"elementor-background-overlay\"><\/div>\n\t\t\t\t\t\t\t<div class=\"elementor-container elementor-column-gap-default\">\n\t\t\t\t\t<div class=\"elementor-column elementor-col-100 elementor-top-column elementor-element elementor-element-51b04ddb\" data-id=\"51b04ddb\" data-element_type=\"column\">\n\t\t\t<div class=\"elementor-widget-wrap elementor-element-populated\">\n\t\t\t\t\t\t\t\t<div class=\"elementor-element elementor-element-265c064e elementor-widget elementor-widget-heading\" data-id=\"265c064e\" data-element_type=\"widget\" data-widget_type=\"heading.default\">\n\t\t\t\t<div class=\"elementor-widget-container\">\n\t\t\t<h1 class=\"elementor-heading-title elementor-size-default\">Branding, Marketing y Comunicaci\u00f3n<\/h1>\t\t<\/div>\n\t\t\t\t<\/div>\n\t\t\t\t<div class=\"elementor-element elementor-element-5f6061f2 elementor-widget elementor-widget-heading\" data-id=\"5f6061f2\" data-element_type=\"widget\" data-widget_type=\"heading.default\">\n\t\t\t\t<div class=\"elementor-widget-container\">\n\t\t\t<h2 class=\"elementor-heading-title elementor-size-default\">Valorando los vinos en sus segmentos<\/h2>\t\t<\/div>\n\t\t\t\t<\/div>\n\t\t\t\t\t<\/div>\n\t\t<\/div>\n\t\t\t\t\t\t\t<\/div>\n\t\t<\/section>\n\t\t\t\t<section class=\"elementor-section elementor-top-section elementor-element elementor-element-787d1c83 elementor-section-boxed elementor-section-height-default elementor-section-height-default\" data-id=\"787d1c83\" data-element_type=\"section\">\n\t\t\t\t\t\t<div class=\"elementor-container elementor-column-gap-default\">\n\t\t\t\t\t<div class=\"elementor-column elementor-col-50 elementor-top-column elementor-element elementor-element-3fb495b6\" data-id=\"3fb495b6\" data-element_type=\"column\" data-settings=\"{&quot;background_background&quot;:&quot;classic&quot;}\">\n\t\t\t<div class=\"elementor-widget-wrap elementor-element-populated\">\n\t\t\t\t\t<div class=\"elementor-background-overlay\"><\/div>\n\t\t\t\t\t\t\t\t<div class=\"elementor-element elementor-element-ad41325 elementor-widget elementor-widget-spacer\" data-id=\"ad41325\" data-element_type=\"widget\" data-widget_type=\"spacer.default\">\n\t\t\t\t<div class=\"elementor-widget-container\">\n\t\t\t\t\t<div class=\"elementor-spacer\">\n\t\t\t<div class=\"elementor-spacer-inner\"><\/div>\n\t\t<\/div>\n\t\t\t\t<\/div>\n\t\t\t\t<\/div>\n\t\t\t\t<div class=\"elementor-element elementor-element-43b319b2 elementor-invisible elementor-widget elementor-widget-text-editor\" data-id=\"43b319b2\" data-element_type=\"widget\" data-settings=\"{&quot;_animation&quot;:&quot;fadeInUp&quot;}\" data-widget_type=\"text-editor.default\">\n\t\t\t\t<div class=\"elementor-widget-container\">\n\t\t\t\t\t\t\t<h2>Rango y posicionamiento: el proceso<\/h2><h2>\u00a0<\/h2><ol><li><p>Para responder al problema de ventas teniendo en cuenta el potencial de producci\u00f3n:<\/p><p>Creaci\u00f3n de una o varias gamas de productos<\/p><\/li><\/ol>\t\t\t\t\t\t<\/div>\n\t\t\t\t<\/div>\n\t\t\t\t<div class=\"elementor-element elementor-element-fa0652f elementor-invisible elementor-widget elementor-widget-text-editor\" data-id=\"fa0652f\" data-element_type=\"widget\" data-settings=\"{&quot;_animation&quot;:&quot;fadeInUp&quot;}\" data-widget_type=\"text-editor.default\">\n\t\t\t\t<div class=\"elementor-widget-container\">\n\t\t\t\t\t\t\t<h2>Promoci\u00f3n y marketing: el proceso<\/h2><div>\u00a0<\/div><ol><li>Dise\u00f1o y producci\u00f3n de herramientas y soporte de marketing, Francia y exportaci\u00f3n.<\/li><li>Promoci\u00f3n en internet<\/li><li>Organizaci\u00f3n de eventos de cata Francia y exportaci\u00f3n (Londres, Nueva York &#8230;)<\/li><\/ol>\t\t\t\t\t\t<\/div>\n\t\t\t\t<\/div>\n\t\t\t\t<div class=\"elementor-element elementor-element-108e07e elementor-invisible elementor-widget elementor-widget-text-editor\" data-id=\"108e07e\" data-element_type=\"widget\" data-settings=\"{&quot;_animation&quot;:&quot;fadeInUp&quot;}\" data-widget_type=\"text-editor.default\">\n\t\t\t\t<div class=\"elementor-widget-container\">\n\t\t\t\t\t\t\t<h2>Empaque y Comunicaci\u00f3n: el proceso<\/h2><div>\u00a0<\/div><ol><li>Elecci\u00f3n de la botella: formato (Burdeos, Borgo\u00f1a, Alsacia), peso, color &#8230;<\/li><li>Elecci\u00f3n del corcho: impresi\u00f3n de calidad, sabor, innovaci\u00f3n, relaci\u00f3n calidad-precio.<\/li><li>Optimizaci\u00f3n y \/ o creaci\u00f3n de la etiqueta: formato, error tipogr\u00e1fico, contenido editorial, colores.<\/li><li>Optimizaci\u00f3n y \/ o creaci\u00f3n de envases.<\/li><\/ol>\t\t\t\t\t\t<\/div>\n\t\t\t\t<\/div>\n\t\t\t\t\t<\/div>\n\t\t<\/div>\n\t\t\t\t<div class=\"elementor-column elementor-col-50 elementor-top-column elementor-element elementor-element-8ab6aff\" data-id=\"8ab6aff\" data-element_type=\"column\">\n\t\t\t<div class=\"elementor-widget-wrap elementor-element-populated\">\n\t\t\t\t\t\t\t\t<div class=\"elementor-element elementor-element-63ae754d elementor-nav-menu__align-left elementor-nav-menu--dropdown-tablet elementor-nav-menu__text-align-aside elementor-nav-menu--toggle elementor-nav-menu--burger elementor-widget elementor-widget-nav-menu\" data-id=\"63ae754d\" data-element_type=\"widget\" data-settings=\"{&quot;layout&quot;:&quot;vertical&quot;,&quot;sticky&quot;:&quot;top&quot;,&quot;sticky_offset&quot;:20,&quot;sticky_parent&quot;:&quot;yes&quot;,&quot;submenu_icon&quot;:{&quot;value&quot;:&quot;&lt;i class=\\&quot;fas fa-caret-down\\&quot;&gt;&lt;\\\/i&gt;&quot;,&quot;library&quot;:&quot;fa-solid&quot;},&quot;toggle&quot;:&quot;burger&quot;,&quot;sticky_on&quot;:[&quot;desktop&quot;,&quot;tablet&quot;,&quot;mobile&quot;],&quot;sticky_effects_offset&quot;:0}\" data-widget_type=\"nav-menu.default\">\n\t\t\t\t<div class=\"elementor-widget-container\">\n\t\t\t\t\t\t<nav class=\"elementor-nav-menu--main elementor-nav-menu__container elementor-nav-menu--layout-vertical e--pointer-background e--animation-sweep-right\">\n\t\t\t\t<ul id=\"menu-1-63ae754d\" class=\"elementor-nav-menu sm-vertical\"><li class=\"menu-item menu-item-type-post_type menu-item-object-page menu-item-3305\"><a href=\"https:\/\/www.olivierdauga.com\/es\/auditor-en-produccion-y-comercio\/\" class=\"elementor-item\">Auditor en Producci\u00f3n y Comercio<\/a><\/li>\n<li class=\"menu-item menu-item-type-post_type menu-item-object-page menu-item-3308\"><a href=\"https:\/\/www.olivierdauga.com\/es\/produccion-y-montaje\/\" class=\"elementor-item\">Producci\u00f3n y Montaje<\/a><\/li>\n<li class=\"menu-item menu-item-type-post_type menu-item-object-page menu-item-3306\"><a href=\"https:\/\/www.olivierdauga.com\/es\/branding-marketing-y-comunicacion\/\" class=\"elementor-item\">Branding, Marketing y Comunicaci\u00f3n<\/a><\/li>\n<li class=\"menu-item menu-item-type-post_type menu-item-object-page menu-item-3309\"><a href=\"https:\/\/www.olivierdauga.com\/es\/ventas-y-distribucion\/\" class=\"elementor-item\">Ventas y distribuci\u00f3n<\/a><\/li>\n<li class=\"menu-item menu-item-type-post_type menu-item-object-page menu-item-3307\"><a href=\"https:\/\/www.olivierdauga.com\/es\/operacion-ecologica\/\" class=\"elementor-item\">Operaci\u00f3n ecol\u00f3gica<\/a><\/li>\n<\/ul>\t\t\t<\/nav>\n\t\t\t\t\t<div class=\"elementor-menu-toggle\" role=\"button\" tabindex=\"0\" aria-label=\"Alternar men\u00fa\" aria-expanded=\"false\">\n\t\t\t<i aria-hidden=\"true\" role=\"presentation\" class=\"elementor-menu-toggle__icon--open eicon-menu-bar\"><\/i><i aria-hidden=\"true\" role=\"presentation\" class=\"elementor-menu-toggle__icon--close eicon-close\"><\/i>\t\t\t<span class=\"elementor-screen-only\">Men\u00fa<\/span>\n\t\t<\/div>\n\t\t\t\t\t<nav class=\"elementor-nav-menu--dropdown elementor-nav-menu__container\" aria-hidden=\"true\">\n\t\t\t\t<ul id=\"menu-2-63ae754d\" class=\"elementor-nav-menu sm-vertical\"><li class=\"menu-item menu-item-type-post_type menu-item-object-page menu-item-3305\"><a href=\"https:\/\/www.olivierdauga.com\/es\/auditor-en-produccion-y-comercio\/\" class=\"elementor-item\" tabindex=\"-1\">Auditor en Producci\u00f3n y Comercio<\/a><\/li>\n<li class=\"menu-item menu-item-type-post_type menu-item-object-page menu-item-3308\"><a href=\"https:\/\/www.olivierdauga.com\/es\/produccion-y-montaje\/\" class=\"elementor-item\" tabindex=\"-1\">Producci\u00f3n y Montaje<\/a><\/li>\n<li class=\"menu-item menu-item-type-post_type menu-item-object-page menu-item-3306\"><a href=\"https:\/\/www.olivierdauga.com\/es\/branding-marketing-y-comunicacion\/\" class=\"elementor-item\" tabindex=\"-1\">Branding, Marketing y Comunicaci\u00f3n<\/a><\/li>\n<li class=\"menu-item menu-item-type-post_type menu-item-object-page menu-item-3309\"><a href=\"https:\/\/www.olivierdauga.com\/es\/ventas-y-distribucion\/\" class=\"elementor-item\" tabindex=\"-1\">Ventas y distribuci\u00f3n<\/a><\/li>\n<li class=\"menu-item menu-item-type-post_type menu-item-object-page menu-item-3307\"><a href=\"https:\/\/www.olivierdauga.com\/es\/operacion-ecologica\/\" class=\"elementor-item\" tabindex=\"-1\">Operaci\u00f3n ecol\u00f3gica<\/a><\/li>\n<\/ul>\t\t\t<\/nav>\n\t\t\t\t<\/div>\n\t\t\t\t<\/div>\n\t\t\t\t<div class=\"elementor-element elementor-element-1d595ed7 elementor-widget elementor-widget-spacer\" data-id=\"1d595ed7\" data-element_type=\"widget\" data-widget_type=\"spacer.default\">\n\t\t\t\t<div class=\"elementor-widget-container\">\n\t\t\t\t\t<div class=\"elementor-spacer\">\n\t\t\t<div class=\"elementor-spacer-inner\"><\/div>\n\t\t<\/div>\n\t\t\t\t<\/div>\n\t\t\t\t<\/div>\n\t\t\t\t\t<\/div>\n\t\t<\/div>\n\t\t\t\t\t\t\t<\/div>\n\t\t<\/section>\n\t\t\t\t<section class=\"elementor-section elementor-top-section elementor-element elementor-element-0390f46 elementor-section-boxed elementor-section-height-default elementor-section-height-default\" data-id=\"0390f46\" data-element_type=\"section\">\n\t\t\t\t\t\t<div class=\"elementor-container elementor-column-gap-default\">\n\t\t\t\t\t<div class=\"elementor-column elementor-col-100 elementor-top-column elementor-element elementor-element-f0ecbcb\" data-id=\"f0ecbcb\" data-element_type=\"column\">\n\t\t\t<div class=\"elementor-widget-wrap elementor-element-populated\">\n\t\t\t\t\t\t\t\t<div class=\"elementor-element elementor-element-1e6c09d elementor-widget elementor-widget-spacer\" data-id=\"1e6c09d\" data-element_type=\"widget\" data-widget_type=\"spacer.default\">\n\t\t\t\t<div class=\"elementor-widget-container\">\n\t\t\t\t\t<div class=\"elementor-spacer\">\n\t\t\t<div class=\"elementor-spacer-inner\"><\/div>\n\t\t<\/div>\n\t\t\t\t<\/div>\n\t\t\t\t<\/div>\n\t\t\t\t\t<\/div>\n\t\t<\/div>\n\t\t\t\t\t\t\t<\/div>\n\t\t<\/section>\n\t\t\t\t\t\t\t<\/div>\n\t\t","protected":false},"excerpt":{"rendered":"<p>Branding, Marketing y Comunicaci\u00f3n Valorando los vinos en sus segmentos Rango y posicionamiento: el proceso \u00a0 Para responder al problema de ventas teniendo en cuenta el potencial de producci\u00f3n: Creaci\u00f3n de una o varias gamas de productos Promoci\u00f3n y marketing: el proceso \u00a0 Dise\u00f1o y producci\u00f3n de herramientas y soporte de marketing, Francia y exportaci\u00f3n. [&hellip;]<\/p>\n","protected":false},"author":2,"featured_media":0,"parent":0,"menu_order":0,"comment_status":"closed","ping_status":"closed","template":"","meta":{"footnotes":""},"yoast_head":"<!-- This site is optimized with the Yoast SEO plugin v20.13 - https:\/\/yoast.com\/wordpress\/plugins\/seo\/ -->\n<title>Branding, Marketing y Comunicaci\u00f3n - Faiseur de Vin<\/title>\n<meta name=\"robots\" content=\"index, follow, max-snippet:-1, max-image-preview:large, max-video-preview:-1\" \/>\n<link rel=\"canonical\" href=\"https:\/\/www.olivierdauga.com\/es\/branding-marketing-y-comunicacion\/\" \/>\n<meta property=\"og:locale\" content=\"es_ES\" \/>\n<meta property=\"og:type\" content=\"article\" \/>\n<meta property=\"og:title\" content=\"Branding, Marketing y Comunicaci\u00f3n - Faiseur de Vin\" \/>\n<meta property=\"og:description\" content=\"Branding, Marketing y Comunicaci\u00f3n Valorando los vinos en sus segmentos Rango y posicionamiento: el proceso \u00a0 Para responder al problema de ventas teniendo en cuenta el potencial de producci\u00f3n: Creaci\u00f3n de una o varias gamas de productos Promoci\u00f3n y marketing: el proceso \u00a0 Dise\u00f1o y producci\u00f3n de herramientas y soporte de marketing, Francia y exportaci\u00f3n. [&hellip;]\" \/>\n<meta property=\"og:url\" content=\"https:\/\/www.olivierdauga.com\/es\/branding-marketing-y-comunicacion\/\" \/>\n<meta property=\"og:site_name\" content=\"Faiseur de Vin\" \/>\n<meta property=\"article:modified_time\" content=\"2020-09-08T08:42:55+00:00\" \/>\n<meta name=\"twitter:card\" content=\"summary_large_image\" \/>\n<meta name=\"twitter:label1\" content=\"Tiempo de lectura\" \/>\n\t<meta name=\"twitter:data1\" content=\"1 minuto\" \/>\n<script type=\"application\/ld+json\" class=\"yoast-schema-graph\">{\"@context\":\"https:\/\/schema.org\",\"@graph\":[{\"@type\":\"WebPage\",\"@id\":\"https:\/\/www.olivierdauga.com\/es\/branding-marketing-y-comunicacion\/\",\"url\":\"https:\/\/www.olivierdauga.com\/es\/branding-marketing-y-comunicacion\/\",\"name\":\"Branding, Marketing y Comunicaci\u00f3n - Faiseur de Vin\",\"isPartOf\":{\"@id\":\"https:\/\/www.olivierdauga.com\/#website\"},\"datePublished\":\"2020-06-29T09:06:08+00:00\",\"dateModified\":\"2020-09-08T08:42:55+00:00\",\"breadcrumb\":{\"@id\":\"https:\/\/www.olivierdauga.com\/es\/branding-marketing-y-comunicacion\/#breadcrumb\"},\"inLanguage\":\"es\",\"potentialAction\":[{\"@type\":\"ReadAction\",\"target\":[\"https:\/\/www.olivierdauga.com\/es\/branding-marketing-y-comunicacion\/\"]}]},{\"@type\":\"BreadcrumbList\",\"@id\":\"https:\/\/www.olivierdauga.com\/es\/branding-marketing-y-comunicacion\/#breadcrumb\",\"itemListElement\":[{\"@type\":\"ListItem\",\"position\":1,\"name\":\"Accueil\",\"item\":\"https:\/\/www.olivierdauga.com\/es\/\"},{\"@type\":\"ListItem\",\"position\":2,\"name\":\"Branding, Marketing y Comunicaci\u00f3n\"}]},{\"@type\":\"WebSite\",\"@id\":\"https:\/\/www.olivierdauga.com\/#website\",\"url\":\"https:\/\/www.olivierdauga.com\/\",\"name\":\"Faiseur de Vin\",\"description\":\"\",\"potentialAction\":[{\"@type\":\"SearchAction\",\"target\":{\"@type\":\"EntryPoint\",\"urlTemplate\":\"https:\/\/www.olivierdauga.com\/?s={search_term_string}\"},\"query-input\":\"required name=search_term_string\"}],\"inLanguage\":\"es\"}]}<\/script>\n<!-- \/ Yoast SEO plugin. -->","yoast_head_json":{"title":"Branding, Marketing y Comunicaci\u00f3n - Faiseur de Vin","robots":{"index":"index","follow":"follow","max-snippet":"max-snippet:-1","max-image-preview":"max-image-preview:large","max-video-preview":"max-video-preview:-1"},"canonical":"https:\/\/www.olivierdauga.com\/es\/branding-marketing-y-comunicacion\/","og_locale":"es_ES","og_type":"article","og_title":"Branding, Marketing y Comunicaci\u00f3n - Faiseur de Vin","og_description":"Branding, Marketing y Comunicaci\u00f3n Valorando los vinos en sus segmentos Rango y posicionamiento: el proceso \u00a0 Para responder al problema de ventas teniendo en cuenta el potencial de producci\u00f3n: Creaci\u00f3n de una o varias gamas de productos Promoci\u00f3n y marketing: el proceso \u00a0 Dise\u00f1o y producci\u00f3n de herramientas y soporte de marketing, Francia y exportaci\u00f3n. [&hellip;]","og_url":"https:\/\/www.olivierdauga.com\/es\/branding-marketing-y-comunicacion\/","og_site_name":"Faiseur de Vin","article_modified_time":"2020-09-08T08:42:55+00:00","twitter_card":"summary_large_image","twitter_misc":{"Tiempo de lectura":"1 minuto"},"schema":{"@context":"https:\/\/schema.org","@graph":[{"@type":"WebPage","@id":"https:\/\/www.olivierdauga.com\/es\/branding-marketing-y-comunicacion\/","url":"https:\/\/www.olivierdauga.com\/es\/branding-marketing-y-comunicacion\/","name":"Branding, Marketing y Comunicaci\u00f3n - Faiseur de Vin","isPartOf":{"@id":"https:\/\/www.olivierdauga.com\/#website"},"datePublished":"2020-06-29T09:06:08+00:00","dateModified":"2020-09-08T08:42:55+00:00","breadcrumb":{"@id":"https:\/\/www.olivierdauga.com\/es\/branding-marketing-y-comunicacion\/#breadcrumb"},"inLanguage":"es","potentialAction":[{"@type":"ReadAction","target":["https:\/\/www.olivierdauga.com\/es\/branding-marketing-y-comunicacion\/"]}]},{"@type":"BreadcrumbList","@id":"https:\/\/www.olivierdauga.com\/es\/branding-marketing-y-comunicacion\/#breadcrumb","itemListElement":[{"@type":"ListItem","position":1,"name":"Accueil","item":"https:\/\/www.olivierdauga.com\/es\/"},{"@type":"ListItem","position":2,"name":"Branding, Marketing y Comunicaci\u00f3n"}]},{"@type":"WebSite","@id":"https:\/\/www.olivierdauga.com\/#website","url":"https:\/\/www.olivierdauga.com\/","name":"Faiseur de Vin","description":"","potentialAction":[{"@type":"SearchAction","target":{"@type":"EntryPoint","urlTemplate":"https:\/\/www.olivierdauga.com\/?s={search_term_string}"},"query-input":"required name=search_term_string"}],"inLanguage":"es"}]}},"_links":{"self":[{"href":"https:\/\/www.olivierdauga.com\/es\/wp-json\/wp\/v2\/pages\/3039"}],"collection":[{"href":"https:\/\/www.olivierdauga.com\/es\/wp-json\/wp\/v2\/pages"}],"about":[{"href":"https:\/\/www.olivierdauga.com\/es\/wp-json\/wp\/v2\/types\/page"}],"author":[{"embeddable":true,"href":"https:\/\/www.olivierdauga.com\/es\/wp-json\/wp\/v2\/users\/2"}],"replies":[{"embeddable":true,"href":"https:\/\/www.olivierdauga.com\/es\/wp-json\/wp\/v2\/comments?post=3039"}],"version-history":[{"count":5,"href":"https:\/\/www.olivierdauga.com\/es\/wp-json\/wp\/v2\/pages\/3039\/revisions"}],"predecessor-version":[{"id":3859,"href":"https:\/\/www.olivierdauga.com\/es\/wp-json\/wp\/v2\/pages\/3039\/revisions\/3859"}],"wp:attachment":[{"href":"https:\/\/www.olivierdauga.com\/es\/wp-json\/wp\/v2\/media?parent=3039"}],"curies":[{"name":"wp","href":"https:\/\/api.w.org\/{rel}","templated":true}]}}