{"id":3038,"date":"2020-06-29T11:08:22","date_gmt":"2020-06-29T09:08:22","guid":{"rendered":"https:\/\/www.olivierdauga.com\/?page_id=3038"},"modified":"2020-09-08T10:42:46","modified_gmt":"2020-09-08T08:42:46","slug":"produccion-y-montaje","status":"publish","type":"page","link":"https:\/\/www.olivierdauga.com\/es\/produccion-y-montaje\/","title":{"rendered":"Producci\u00f3n y Montaje"},"content":{"rendered":"\t\t<div data-elementor-type=\"wp-page\" data-elementor-id=\"3038\" class=\"elementor elementor-3038\" data-elementor-post-type=\"page\">\n\t\t\t\t\t\t\t\t\t<section class=\"elementor-section elementor-top-section elementor-element elementor-element-5b7dfe2f elementor-section-boxed elementor-section-height-default elementor-section-height-default\" data-id=\"5b7dfe2f\" data-element_type=\"section\" data-settings=\"{&quot;background_background&quot;:&quot;classic&quot;}\">\n\t\t\t\t\t\t\t<div class=\"elementor-background-overlay\"><\/div>\n\t\t\t\t\t\t\t<div class=\"elementor-container elementor-column-gap-default\">\n\t\t\t\t\t<div class=\"elementor-column elementor-col-100 elementor-top-column elementor-element elementor-element-72dab72f\" data-id=\"72dab72f\" data-element_type=\"column\">\n\t\t\t<div class=\"elementor-widget-wrap elementor-element-populated\">\n\t\t\t\t\t\t\t\t<div class=\"elementor-element elementor-element-294afc94 elementor-widget elementor-widget-heading\" data-id=\"294afc94\" data-element_type=\"widget\" data-widget_type=\"heading.default\">\n\t\t\t\t<div class=\"elementor-widget-container\">\n\t\t\t<h1 class=\"elementor-heading-title elementor-size-default\">Producci\u00f3n y montaje<\/h1>\t\t<\/div>\n\t\t\t\t<\/div>\n\t\t\t\t<div class=\"elementor-element elementor-element-1d3f7507 elementor-widget elementor-widget-heading\" data-id=\"1d3f7507\" data-element_type=\"widget\" data-widget_type=\"heading.default\">\n\t\t\t\t<div class=\"elementor-widget-container\">\n\t\t\t<h2 class=\"elementor-heading-title elementor-size-default\">Implementaci\u00f3n de recomendaciones - implementaci\u00f3n.<\/h2>\t\t<\/div>\n\t\t\t\t<\/div>\n\t\t\t\t\t<\/div>\n\t\t<\/div>\n\t\t\t\t\t\t\t<\/div>\n\t\t<\/section>\n\t\t\t\t<section class=\"elementor-section elementor-top-section elementor-element elementor-element-47916b91 elementor-section-boxed elementor-section-height-default elementor-section-height-default\" data-id=\"47916b91\" data-element_type=\"section\" data-settings=\"{&quot;background_background&quot;:&quot;classic&quot;}\">\n\t\t\t\t\t\t<div class=\"elementor-container elementor-column-gap-default\">\n\t\t\t\t\t<div class=\"elementor-column elementor-col-50 elementor-top-column elementor-element elementor-element-1b25024e\" data-id=\"1b25024e\" data-element_type=\"column\" data-settings=\"{&quot;background_background&quot;:&quot;classic&quot;}\">\n\t\t\t<div class=\"elementor-widget-wrap elementor-element-populated\">\n\t\t\t\t\t<div class=\"elementor-background-overlay\"><\/div>\n\t\t\t\t\t\t\t\t<div class=\"elementor-element elementor-element-58ed739 elementor-widget elementor-widget-spacer\" data-id=\"58ed739\" data-element_type=\"widget\" data-widget_type=\"spacer.default\">\n\t\t\t\t<div class=\"elementor-widget-container\">\n\t\t\t\t\t<div class=\"elementor-spacer\">\n\t\t\t<div class=\"elementor-spacer-inner\"><\/div>\n\t\t<\/div>\n\t\t\t\t<\/div>\n\t\t\t\t<\/div>\n\t\t\t\t<div class=\"elementor-element elementor-element-683ac988 elementor-invisible elementor-widget elementor-widget-text-editor\" data-id=\"683ac988\" data-element_type=\"widget\" data-settings=\"{&quot;_animation&quot;:&quot;fadeInUp&quot;}\" data-widget_type=\"text-editor.default\">\n\t\t\t\t<div class=\"elementor-widget-container\">\n\t\t\t\t\t\t\t<h2>Producci\u00f3n &#8211; el proceso<\/h2><h2>\u00a0<\/h2><ol><li>A partir del mapeo del vi\u00f1edo, identificaci\u00f3n de las diferentes parcelas para responder a la creaci\u00f3n de gamas, con el fin de producir los vinos adaptados a los mercados a los que se dirige<\/li><li>Definici\u00f3n de lineamientos t\u00e9cnicos por zona en el a\u00f1o de cultivo.<ul><li>Adaptaci\u00f3n al medio ambiente y terroir (clima, fauna, flora &#8230;)<\/li><li>Intervenci\u00f3n en el vi\u00f1edo seg\u00fan los vinos buscados.<\/li><\/ul><\/li><li>Escribir un cronograma de trabajos y tratamientos.<\/li><li>Monitoreo operativo del calendario.<\/li><li>Importante! programar la fecha de la vendimia<\/li><li>Definici\u00f3n del plan de recolecci\u00f3n, vinificaci\u00f3n y asignaci\u00f3n de volumen por tanque.<\/li><li>Monitoreo y progreso de la cosecha basado en los an\u00e1lisis; esto nos permite dirigir las uvas por rango de producto establecido<\/li><\/ol>\t\t\t\t\t\t<\/div>\n\t\t\t\t<\/div>\n\t\t\t\t<div class=\"elementor-element elementor-element-3d65029a elementor-invisible elementor-widget elementor-widget-text-editor\" data-id=\"3d65029a\" data-element_type=\"widget\" data-settings=\"{&quot;_animation&quot;:&quot;fadeInUp&quot;}\" data-widget_type=\"text-editor.default\">\n\t\t\t\t<div class=\"elementor-widget-container\">\n\t\t\t\t\t\t\t<h2>Asamblea &#8211; el proceso<\/h2><div>\u00a0<\/div><ol><li>Control de la evoluci\u00f3n de los vinos mediante degustaciones peri\u00f3dicas.<\/li><li>Selecci\u00f3n de vinos por calidad y destino comercial.<\/li><li>Plan de crianza y maduraci\u00f3n, en tanques o barricas &#8230;<\/li><\/ol>\t\t\t\t\t\t<\/div>\n\t\t\t\t<\/div>\n\t\t\t\t\t<\/div>\n\t\t<\/div>\n\t\t\t\t<div class=\"elementor-column elementor-col-50 elementor-top-column elementor-element elementor-element-51bd0aaa\" data-id=\"51bd0aaa\" data-element_type=\"column\" data-settings=\"{&quot;background_background&quot;:&quot;classic&quot;}\">\n\t\t\t<div class=\"elementor-widget-wrap elementor-element-populated\">\n\t\t\t\t\t\t\t\t<div class=\"elementor-element elementor-element-378c8a2e elementor-nav-menu--dropdown-tablet elementor-nav-menu__text-align-aside elementor-nav-menu--toggle elementor-nav-menu--burger elementor-widget elementor-widget-nav-menu\" data-id=\"378c8a2e\" data-element_type=\"widget\" data-settings=\"{&quot;layout&quot;:&quot;vertical&quot;,&quot;sticky&quot;:&quot;top&quot;,&quot;sticky_offset&quot;:20,&quot;sticky_parent&quot;:&quot;yes&quot;,&quot;submenu_icon&quot;:{&quot;value&quot;:&quot;&lt;i class=\\&quot;fas fa-caret-down\\&quot;&gt;&lt;\\\/i&gt;&quot;,&quot;library&quot;:&quot;fa-solid&quot;},&quot;toggle&quot;:&quot;burger&quot;,&quot;sticky_on&quot;:[&quot;desktop&quot;,&quot;tablet&quot;,&quot;mobile&quot;],&quot;sticky_effects_offset&quot;:0}\" data-widget_type=\"nav-menu.default\">\n\t\t\t\t<div class=\"elementor-widget-container\">\n\t\t\t\t\t\t<nav class=\"elementor-nav-menu--main elementor-nav-menu__container elementor-nav-menu--layout-vertical e--pointer-background e--animation-sweep-right\">\n\t\t\t\t<ul id=\"menu-1-378c8a2e\" class=\"elementor-nav-menu sm-vertical\"><li class=\"menu-item menu-item-type-post_type menu-item-object-page menu-item-3305\"><a href=\"https:\/\/www.olivierdauga.com\/es\/auditor-en-produccion-y-comercio\/\" class=\"elementor-item\">Auditor en Producci\u00f3n y Comercio<\/a><\/li>\n<li class=\"menu-item menu-item-type-post_type menu-item-object-page menu-item-3308\"><a href=\"https:\/\/www.olivierdauga.com\/es\/produccion-y-montaje\/\" class=\"elementor-item\">Producci\u00f3n y Montaje<\/a><\/li>\n<li class=\"menu-item menu-item-type-post_type menu-item-object-page menu-item-3306\"><a href=\"https:\/\/www.olivierdauga.com\/es\/branding-marketing-y-comunicacion\/\" class=\"elementor-item\">Branding, Marketing y Comunicaci\u00f3n<\/a><\/li>\n<li class=\"menu-item menu-item-type-post_type menu-item-object-page menu-item-3309\"><a href=\"https:\/\/www.olivierdauga.com\/es\/ventas-y-distribucion\/\" class=\"elementor-item\">Ventas y distribuci\u00f3n<\/a><\/li>\n<li class=\"menu-item menu-item-type-post_type menu-item-object-page menu-item-3307\"><a href=\"https:\/\/www.olivierdauga.com\/es\/operacion-ecologica\/\" class=\"elementor-item\">Operaci\u00f3n ecol\u00f3gica<\/a><\/li>\n<\/ul>\t\t\t<\/nav>\n\t\t\t\t\t<div class=\"elementor-menu-toggle\" role=\"button\" tabindex=\"0\" aria-label=\"Alternar men\u00fa\" aria-expanded=\"false\">\n\t\t\t<i aria-hidden=\"true\" role=\"presentation\" class=\"elementor-menu-toggle__icon--open eicon-menu-bar\"><\/i><i aria-hidden=\"true\" role=\"presentation\" class=\"elementor-menu-toggle__icon--close eicon-close\"><\/i>\t\t\t<span class=\"elementor-screen-only\">Men\u00fa<\/span>\n\t\t<\/div>\n\t\t\t\t\t<nav class=\"elementor-nav-menu--dropdown elementor-nav-menu__container\" aria-hidden=\"true\">\n\t\t\t\t<ul id=\"menu-2-378c8a2e\" class=\"elementor-nav-menu sm-vertical\"><li class=\"menu-item menu-item-type-post_type menu-item-object-page menu-item-3305\"><a href=\"https:\/\/www.olivierdauga.com\/es\/auditor-en-produccion-y-comercio\/\" class=\"elementor-item\" tabindex=\"-1\">Auditor en Producci\u00f3n y Comercio<\/a><\/li>\n<li class=\"menu-item menu-item-type-post_type menu-item-object-page menu-item-3308\"><a href=\"https:\/\/www.olivierdauga.com\/es\/produccion-y-montaje\/\" class=\"elementor-item\" tabindex=\"-1\">Producci\u00f3n y Montaje<\/a><\/li>\n<li class=\"menu-item menu-item-type-post_type menu-item-object-page menu-item-3306\"><a href=\"https:\/\/www.olivierdauga.com\/es\/branding-marketing-y-comunicacion\/\" class=\"elementor-item\" tabindex=\"-1\">Branding, Marketing y Comunicaci\u00f3n<\/a><\/li>\n<li class=\"menu-item menu-item-type-post_type menu-item-object-page menu-item-3309\"><a href=\"https:\/\/www.olivierdauga.com\/es\/ventas-y-distribucion\/\" class=\"elementor-item\" tabindex=\"-1\">Ventas y distribuci\u00f3n<\/a><\/li>\n<li class=\"menu-item menu-item-type-post_type menu-item-object-page menu-item-3307\"><a href=\"https:\/\/www.olivierdauga.com\/es\/operacion-ecologica\/\" class=\"elementor-item\" tabindex=\"-1\">Operaci\u00f3n ecol\u00f3gica<\/a><\/li>\n<\/ul>\t\t\t<\/nav>\n\t\t\t\t<\/div>\n\t\t\t\t<\/div>\n\t\t\t\t\t<\/div>\n\t\t<\/div>\n\t\t\t\t\t\t\t<\/div>\n\t\t<\/section>\n\t\t\t\t<section class=\"elementor-section elementor-top-section elementor-element elementor-element-8e22fa8 elementor-section-boxed elementor-section-height-default elementor-section-height-default\" data-id=\"8e22fa8\" data-element_type=\"section\">\n\t\t\t\t\t\t<div class=\"elementor-container elementor-column-gap-default\">\n\t\t\t\t\t<div class=\"elementor-column elementor-col-100 elementor-top-column elementor-element elementor-element-ad3821c\" data-id=\"ad3821c\" data-element_type=\"column\">\n\t\t\t<div class=\"elementor-widget-wrap elementor-element-populated\">\n\t\t\t\t\t\t\t\t<div class=\"elementor-element elementor-element-f67302b elementor-widget elementor-widget-spacer\" data-id=\"f67302b\" data-element_type=\"widget\" data-widget_type=\"spacer.default\">\n\t\t\t\t<div class=\"elementor-widget-container\">\n\t\t\t\t\t<div class=\"elementor-spacer\">\n\t\t\t<div class=\"elementor-spacer-inner\"><\/div>\n\t\t<\/div>\n\t\t\t\t<\/div>\n\t\t\t\t<\/div>\n\t\t\t\t\t<\/div>\n\t\t<\/div>\n\t\t\t\t\t\t\t<\/div>\n\t\t<\/section>\n\t\t\t\t\t\t\t<\/div>\n\t\t","protected":false},"excerpt":{"rendered":"<p>Producci\u00f3n y montaje Implementaci\u00f3n de recomendaciones &#8211; implementaci\u00f3n. Producci\u00f3n &#8211; el proceso \u00a0 A partir del mapeo del vi\u00f1edo, identificaci\u00f3n de las diferentes parcelas para responder a la creaci\u00f3n de gamas, con el fin de producir los vinos adaptados a los mercados a los que se dirige Definici\u00f3n de lineamientos t\u00e9cnicos por zona en el [&hellip;]<\/p>\n","protected":false},"author":2,"featured_media":0,"parent":0,"menu_order":0,"comment_status":"closed","ping_status":"closed","template":"","meta":{"footnotes":""},"yoast_head":"<!-- This site is optimized with the Yoast SEO plugin v20.13 - https:\/\/yoast.com\/wordpress\/plugins\/seo\/ -->\n<title>Producci\u00f3n y Montaje - Faiseur de Vin<\/title>\n<meta name=\"robots\" content=\"index, follow, max-snippet:-1, max-image-preview:large, max-video-preview:-1\" \/>\n<link rel=\"canonical\" href=\"https:\/\/www.olivierdauga.com\/es\/produccion-y-montaje\/\" \/>\n<meta property=\"og:locale\" content=\"es_ES\" \/>\n<meta property=\"og:type\" content=\"article\" \/>\n<meta property=\"og:title\" content=\"Producci\u00f3n y Montaje - Faiseur de Vin\" \/>\n<meta property=\"og:description\" content=\"Producci\u00f3n y montaje Implementaci\u00f3n de recomendaciones &#8211; implementaci\u00f3n. Producci\u00f3n &#8211; el proceso \u00a0 A partir del mapeo del vi\u00f1edo, identificaci\u00f3n de las diferentes parcelas para responder a la creaci\u00f3n de gamas, con el fin de producir los vinos adaptados a los mercados a los que se dirige Definici\u00f3n de lineamientos t\u00e9cnicos por zona en el [&hellip;]\" \/>\n<meta property=\"og:url\" content=\"https:\/\/www.olivierdauga.com\/es\/produccion-y-montaje\/\" \/>\n<meta property=\"og:site_name\" content=\"Faiseur de Vin\" \/>\n<meta property=\"article:modified_time\" content=\"2020-09-08T08:42:46+00:00\" \/>\n<meta name=\"twitter:card\" content=\"summary_large_image\" \/>\n<meta name=\"twitter:label1\" content=\"Tiempo de lectura\" \/>\n\t<meta name=\"twitter:data1\" content=\"1 minuto\" \/>\n<script type=\"application\/ld+json\" class=\"yoast-schema-graph\">{\"@context\":\"https:\/\/schema.org\",\"@graph\":[{\"@type\":\"WebPage\",\"@id\":\"https:\/\/www.olivierdauga.com\/es\/produccion-y-montaje\/\",\"url\":\"https:\/\/www.olivierdauga.com\/es\/produccion-y-montaje\/\",\"name\":\"Producci\u00f3n y Montaje - Faiseur de Vin\",\"isPartOf\":{\"@id\":\"https:\/\/www.olivierdauga.com\/#website\"},\"datePublished\":\"2020-06-29T09:08:22+00:00\",\"dateModified\":\"2020-09-08T08:42:46+00:00\",\"breadcrumb\":{\"@id\":\"https:\/\/www.olivierdauga.com\/es\/produccion-y-montaje\/#breadcrumb\"},\"inLanguage\":\"es\",\"potentialAction\":[{\"@type\":\"ReadAction\",\"target\":[\"https:\/\/www.olivierdauga.com\/es\/produccion-y-montaje\/\"]}]},{\"@type\":\"BreadcrumbList\",\"@id\":\"https:\/\/www.olivierdauga.com\/es\/produccion-y-montaje\/#breadcrumb\",\"itemListElement\":[{\"@type\":\"ListItem\",\"position\":1,\"name\":\"Accueil\",\"item\":\"https:\/\/www.olivierdauga.com\/es\/\"},{\"@type\":\"ListItem\",\"position\":2,\"name\":\"Producci\u00f3n y Montaje\"}]},{\"@type\":\"WebSite\",\"@id\":\"https:\/\/www.olivierdauga.com\/#website\",\"url\":\"https:\/\/www.olivierdauga.com\/\",\"name\":\"Faiseur de Vin\",\"description\":\"\",\"potentialAction\":[{\"@type\":\"SearchAction\",\"target\":{\"@type\":\"EntryPoint\",\"urlTemplate\":\"https:\/\/www.olivierdauga.com\/?s={search_term_string}\"},\"query-input\":\"required name=search_term_string\"}],\"inLanguage\":\"es\"}]}<\/script>\n<!-- \/ Yoast SEO plugin. -->","yoast_head_json":{"title":"Producci\u00f3n y Montaje - Faiseur de Vin","robots":{"index":"index","follow":"follow","max-snippet":"max-snippet:-1","max-image-preview":"max-image-preview:large","max-video-preview":"max-video-preview:-1"},"canonical":"https:\/\/www.olivierdauga.com\/es\/produccion-y-montaje\/","og_locale":"es_ES","og_type":"article","og_title":"Producci\u00f3n y Montaje - Faiseur de Vin","og_description":"Producci\u00f3n y montaje Implementaci\u00f3n de recomendaciones &#8211; implementaci\u00f3n. Producci\u00f3n &#8211; el proceso \u00a0 A partir del mapeo del vi\u00f1edo, identificaci\u00f3n de las diferentes parcelas para responder a la creaci\u00f3n de gamas, con el fin de producir los vinos adaptados a los mercados a los que se dirige Definici\u00f3n de lineamientos t\u00e9cnicos por zona en el [&hellip;]","og_url":"https:\/\/www.olivierdauga.com\/es\/produccion-y-montaje\/","og_site_name":"Faiseur de Vin","article_modified_time":"2020-09-08T08:42:46+00:00","twitter_card":"summary_large_image","twitter_misc":{"Tiempo de lectura":"1 minuto"},"schema":{"@context":"https:\/\/schema.org","@graph":[{"@type":"WebPage","@id":"https:\/\/www.olivierdauga.com\/es\/produccion-y-montaje\/","url":"https:\/\/www.olivierdauga.com\/es\/produccion-y-montaje\/","name":"Producci\u00f3n y Montaje - Faiseur de Vin","isPartOf":{"@id":"https:\/\/www.olivierdauga.com\/#website"},"datePublished":"2020-06-29T09:08:22+00:00","dateModified":"2020-09-08T08:42:46+00:00","breadcrumb":{"@id":"https:\/\/www.olivierdauga.com\/es\/produccion-y-montaje\/#breadcrumb"},"inLanguage":"es","potentialAction":[{"@type":"ReadAction","target":["https:\/\/www.olivierdauga.com\/es\/produccion-y-montaje\/"]}]},{"@type":"BreadcrumbList","@id":"https:\/\/www.olivierdauga.com\/es\/produccion-y-montaje\/#breadcrumb","itemListElement":[{"@type":"ListItem","position":1,"name":"Accueil","item":"https:\/\/www.olivierdauga.com\/es\/"},{"@type":"ListItem","position":2,"name":"Producci\u00f3n y Montaje"}]},{"@type":"WebSite","@id":"https:\/\/www.olivierdauga.com\/#website","url":"https:\/\/www.olivierdauga.com\/","name":"Faiseur de Vin","description":"","potentialAction":[{"@type":"SearchAction","target":{"@type":"EntryPoint","urlTemplate":"https:\/\/www.olivierdauga.com\/?s={search_term_string}"},"query-input":"required name=search_term_string"}],"inLanguage":"es"}]}},"_links":{"self":[{"href":"https:\/\/www.olivierdauga.com\/es\/wp-json\/wp\/v2\/pages\/3038"}],"collection":[{"href":"https:\/\/www.olivierdauga.com\/es\/wp-json\/wp\/v2\/pages"}],"about":[{"href":"https:\/\/www.olivierdauga.com\/es\/wp-json\/wp\/v2\/types\/page"}],"author":[{"embeddable":true,"href":"https:\/\/www.olivierdauga.com\/es\/wp-json\/wp\/v2\/users\/2"}],"replies":[{"embeddable":true,"href":"https:\/\/www.olivierdauga.com\/es\/wp-json\/wp\/v2\/comments?post=3038"}],"version-history":[{"count":5,"href":"https:\/\/www.olivierdauga.com\/es\/wp-json\/wp\/v2\/pages\/3038\/revisions"}],"predecessor-version":[{"id":3858,"href":"https:\/\/www.olivierdauga.com\/es\/wp-json\/wp\/v2\/pages\/3038\/revisions\/3858"}],"wp:attachment":[{"href":"https:\/\/www.olivierdauga.com\/es\/wp-json\/wp\/v2\/media?parent=3038"}],"curies":[{"name":"wp","href":"https:\/\/api.w.org\/{rel}","templated":true}]}}