{"id":3037,"date":"2020-06-29T11:05:59","date_gmt":"2020-06-29T09:05:59","guid":{"rendered":"https:\/\/www.olivierdauga.com\/?page_id=3037"},"modified":"2020-09-08T10:29:15","modified_gmt":"2020-09-08T08:29:15","slug":"auditor-en-produccion-y-comercio","status":"publish","type":"page","link":"https:\/\/www.olivierdauga.com\/es\/auditor-en-produccion-y-comercio\/","title":{"rendered":"Auditor en Producci\u00f3n y Comercio"},"content":{"rendered":"\t\t<div data-elementor-type=\"wp-page\" data-elementor-id=\"3037\" class=\"elementor elementor-3037\" data-elementor-post-type=\"page\">\n\t\t\t\t\t\t\t\t\t<section class=\"elementor-section elementor-top-section elementor-element elementor-element-cf63a1b elementor-section-boxed elementor-section-height-default elementor-section-height-default\" data-id=\"cf63a1b\" data-element_type=\"section\" data-settings=\"{&quot;background_background&quot;:&quot;classic&quot;}\">\n\t\t\t\t\t\t\t<div class=\"elementor-background-overlay\"><\/div>\n\t\t\t\t\t\t\t<div class=\"elementor-container elementor-column-gap-default\">\n\t\t\t\t\t<div class=\"elementor-column elementor-col-100 elementor-top-column elementor-element elementor-element-9bc4ec3\" data-id=\"9bc4ec3\" data-element_type=\"column\">\n\t\t\t<div class=\"elementor-widget-wrap elementor-element-populated\">\n\t\t\t\t\t\t\t\t<div class=\"elementor-element elementor-element-6f52227 elementor-widget elementor-widget-heading\" data-id=\"6f52227\" data-element_type=\"widget\" data-widget_type=\"heading.default\">\n\t\t\t\t<div class=\"elementor-widget-container\">\n\t\t\t<h1 class=\"elementor-heading-title elementor-size-default\">Auditor en Producci\u00f3n y Comercio<\/h1>\t\t<\/div>\n\t\t\t\t<\/div>\n\t\t\t\t<div class=\"elementor-element elementor-element-17d07b2 elementor-widget elementor-widget-heading\" data-id=\"17d07b2\" data-element_type=\"widget\" data-widget_type=\"heading.default\">\n\t\t\t\t<div class=\"elementor-widget-container\">\n\t\t\t<h2 class=\"elementor-heading-title elementor-size-default\">No hay grandes vinos sin grandes uvas.<\/h2>\t\t<\/div>\n\t\t\t\t<\/div>\n\t\t\t\t\t<\/div>\n\t\t<\/div>\n\t\t\t\t\t\t\t<\/div>\n\t\t<\/section>\n\t\t\t\t<section class=\"elementor-section elementor-top-section elementor-element elementor-element-43f3305 elementor-section-boxed elementor-section-height-default elementor-section-height-default\" data-id=\"43f3305\" data-element_type=\"section\" data-settings=\"{&quot;background_background&quot;:&quot;classic&quot;}\">\n\t\t\t\t\t\t<div class=\"elementor-container elementor-column-gap-default\">\n\t\t\t\t\t<div class=\"elementor-column elementor-col-50 elementor-top-column elementor-element elementor-element-31258c8\" data-id=\"31258c8\" data-element_type=\"column\" data-settings=\"{&quot;background_background&quot;:&quot;classic&quot;}\">\n\t\t\t<div class=\"elementor-widget-wrap elementor-element-populated\">\n\t\t\t\t\t<div class=\"elementor-background-overlay\"><\/div>\n\t\t\t\t\t\t\t\t<div class=\"elementor-element elementor-element-65319ce elementor-widget elementor-widget-spacer\" data-id=\"65319ce\" data-element_type=\"widget\" data-widget_type=\"spacer.default\">\n\t\t\t\t<div class=\"elementor-widget-container\">\n\t\t\t\t\t<div class=\"elementor-spacer\">\n\t\t\t<div class=\"elementor-spacer-inner\"><\/div>\n\t\t<\/div>\n\t\t\t\t<\/div>\n\t\t\t\t<\/div>\n\t\t\t\t<div class=\"elementor-element elementor-element-e23adef elementor-invisible elementor-widget elementor-widget-text-editor\" data-id=\"e23adef\" data-element_type=\"widget\" data-settings=\"{&quot;_animation&quot;:&quot;fadeInUp&quot;}\" data-widget_type=\"text-editor.default\">\n\t\t\t\t<div class=\"elementor-widget-container\">\n\t\t\t\t\t\t\t<h2>Producci\u00f3n &#8211; el proceso<\/h2><div>\u00a0<\/div><ol><li>Visita de vi\u00f1edos y mapeo<\/li><li>An\u00e1lisis de campo<br \/><ul><li>An\u00e1lisis de suelos.<\/li><li>Hoja de encierro (documento de identidad de la vi\u00f1a)<\/li><li>Analizar los v\u00ednculos entre clima y terroir.<\/li><li>Tipo de mantenimiento del vi\u00f1edo<\/li><\/ul><\/li><li>Teniendo en cuenta el mercado que nos dirigimos<\/li><li>An\u00e1lisis de la herramienta de producci\u00f3n: proceso de vinificaci\u00f3n y material en su lugar.<\/li><li>Redactar la recomendaci\u00f3n para producir uvas que nos permita satisfacer las necesidades del rango establecido para cada mercado objetivo<\/li><li>Sensibilizaci\u00f3n en la transici\u00f3n hacia el vi\u00f1edo bio<\/li><\/ol>\t\t\t\t\t\t<\/div>\n\t\t\t\t<\/div>\n\t\t\t\t<div class=\"elementor-element elementor-element-ce72fdf elementor-widget elementor-widget-spacer\" data-id=\"ce72fdf\" data-element_type=\"widget\" data-widget_type=\"spacer.default\">\n\t\t\t\t<div class=\"elementor-widget-container\">\n\t\t\t\t\t<div class=\"elementor-spacer\">\n\t\t\t<div class=\"elementor-spacer-inner\"><\/div>\n\t\t<\/div>\n\t\t\t\t<\/div>\n\t\t\t\t<\/div>\n\t\t\t\t<div class=\"elementor-element elementor-element-8d221bb elementor-invisible elementor-widget elementor-widget-text-editor\" data-id=\"8d221bb\" data-element_type=\"widget\" data-settings=\"{&quot;_animation&quot;:&quot;fadeInUp&quot;}\" data-widget_type=\"text-editor.default\">\n\t\t\t\t<div class=\"elementor-widget-container\">\n\t\t\t\t\t\t\t<h2>Comercio &#8211; el proceso<\/h2><div>\u00a0<\/div><ol><li>Degustaci\u00f3n de toda la producci\u00f3n.<\/li><li>An\u00e1lisis de mercados de consumo dirigidos<\/li><li>An\u00e1lisis de marca, packaging, contenido editorial, dise\u00f1o &#8230; todo fuera del vino en s\u00ed (folleto de ventas, precios, etiquetas, gorra &#8230;)<\/li><li>An\u00e1lisis de la red de distribuci\u00f3n: qu\u00e9 canales se utilizan, para qu\u00e9 mercados, qu\u00e9 intermediarios<\/li><li>An\u00e1lisis de pol\u00edtica arancelaria<\/li><li>Redacci\u00f3n de una recomendaci\u00f3n para establecer una estrategia de comercializaci\u00f3n para vinos compatible con los medios del dominio y el mercado objetivo en Francia o en el extranjero.<\/li><\/ol>\t\t\t\t\t\t<\/div>\n\t\t\t\t<\/div>\n\t\t\t\t\t<\/div>\n\t\t<\/div>\n\t\t\t\t<div class=\"elementor-column elementor-col-50 elementor-top-column elementor-element elementor-element-012508e\" data-id=\"012508e\" data-element_type=\"column\" data-settings=\"{&quot;background_background&quot;:&quot;classic&quot;}\">\n\t\t\t<div class=\"elementor-widget-wrap elementor-element-populated\">\n\t\t\t\t\t\t\t\t<div class=\"elementor-element elementor-element-014c593 elementor-nav-menu__align-left elementor-nav-menu__text-align-center elementor-nav-menu--dropdown-tablet elementor-nav-menu--toggle elementor-nav-menu--burger elementor-widget elementor-widget-nav-menu\" data-id=\"014c593\" data-element_type=\"widget\" data-settings=\"{&quot;layout&quot;:&quot;vertical&quot;,&quot;sticky&quot;:&quot;top&quot;,&quot;sticky_offset&quot;:20,&quot;sticky_parent&quot;:&quot;yes&quot;,&quot;submenu_icon&quot;:{&quot;value&quot;:&quot;&lt;i class=\\&quot;fas fa-caret-down\\&quot;&gt;&lt;\\\/i&gt;&quot;,&quot;library&quot;:&quot;fa-solid&quot;},&quot;toggle&quot;:&quot;burger&quot;,&quot;sticky_on&quot;:[&quot;desktop&quot;,&quot;tablet&quot;,&quot;mobile&quot;],&quot;sticky_effects_offset&quot;:0}\" data-widget_type=\"nav-menu.default\">\n\t\t\t\t<div class=\"elementor-widget-container\">\n\t\t\t\t\t\t<nav class=\"elementor-nav-menu--main elementor-nav-menu__container elementor-nav-menu--layout-vertical e--pointer-background e--animation-sweep-right\">\n\t\t\t\t<ul id=\"menu-1-014c593\" class=\"elementor-nav-menu sm-vertical\"><li class=\"menu-item menu-item-type-post_type menu-item-object-page menu-item-3305\"><a href=\"https:\/\/www.olivierdauga.com\/es\/auditor-en-produccion-y-comercio\/\" class=\"elementor-item\">Auditor en Producci\u00f3n y Comercio<\/a><\/li>\n<li class=\"menu-item menu-item-type-post_type menu-item-object-page menu-item-3308\"><a href=\"https:\/\/www.olivierdauga.com\/es\/produccion-y-montaje\/\" class=\"elementor-item\">Producci\u00f3n y Montaje<\/a><\/li>\n<li class=\"menu-item menu-item-type-post_type menu-item-object-page menu-item-3306\"><a href=\"https:\/\/www.olivierdauga.com\/es\/branding-marketing-y-comunicacion\/\" class=\"elementor-item\">Branding, Marketing y Comunicaci\u00f3n<\/a><\/li>\n<li class=\"menu-item menu-item-type-post_type menu-item-object-page menu-item-3309\"><a href=\"https:\/\/www.olivierdauga.com\/es\/ventas-y-distribucion\/\" class=\"elementor-item\">Ventas y distribuci\u00f3n<\/a><\/li>\n<li class=\"menu-item menu-item-type-post_type menu-item-object-page menu-item-3307\"><a href=\"https:\/\/www.olivierdauga.com\/es\/operacion-ecologica\/\" class=\"elementor-item\">Operaci\u00f3n ecol\u00f3gica<\/a><\/li>\n<\/ul>\t\t\t<\/nav>\n\t\t\t\t\t<div class=\"elementor-menu-toggle\" role=\"button\" tabindex=\"0\" aria-label=\"Alternar men\u00fa\" aria-expanded=\"false\">\n\t\t\t<i aria-hidden=\"true\" role=\"presentation\" class=\"elementor-menu-toggle__icon--open eicon-menu-bar\"><\/i><i aria-hidden=\"true\" role=\"presentation\" class=\"elementor-menu-toggle__icon--close eicon-close\"><\/i>\t\t\t<span class=\"elementor-screen-only\">Men\u00fa<\/span>\n\t\t<\/div>\n\t\t\t\t\t<nav class=\"elementor-nav-menu--dropdown elementor-nav-menu__container\" aria-hidden=\"true\">\n\t\t\t\t<ul id=\"menu-2-014c593\" class=\"elementor-nav-menu sm-vertical\"><li class=\"menu-item menu-item-type-post_type menu-item-object-page menu-item-3305\"><a href=\"https:\/\/www.olivierdauga.com\/es\/auditor-en-produccion-y-comercio\/\" class=\"elementor-item\" tabindex=\"-1\">Auditor en Producci\u00f3n y Comercio<\/a><\/li>\n<li class=\"menu-item menu-item-type-post_type menu-item-object-page menu-item-3308\"><a href=\"https:\/\/www.olivierdauga.com\/es\/produccion-y-montaje\/\" class=\"elementor-item\" tabindex=\"-1\">Producci\u00f3n y Montaje<\/a><\/li>\n<li class=\"menu-item menu-item-type-post_type menu-item-object-page menu-item-3306\"><a href=\"https:\/\/www.olivierdauga.com\/es\/branding-marketing-y-comunicacion\/\" class=\"elementor-item\" tabindex=\"-1\">Branding, Marketing y Comunicaci\u00f3n<\/a><\/li>\n<li class=\"menu-item menu-item-type-post_type menu-item-object-page menu-item-3309\"><a href=\"https:\/\/www.olivierdauga.com\/es\/ventas-y-distribucion\/\" class=\"elementor-item\" tabindex=\"-1\">Ventas y distribuci\u00f3n<\/a><\/li>\n<li class=\"menu-item menu-item-type-post_type menu-item-object-page menu-item-3307\"><a href=\"https:\/\/www.olivierdauga.com\/es\/operacion-ecologica\/\" class=\"elementor-item\" tabindex=\"-1\">Operaci\u00f3n ecol\u00f3gica<\/a><\/li>\n<\/ul>\t\t\t<\/nav>\n\t\t\t\t<\/div>\n\t\t\t\t<\/div>\n\t\t\t\t\t<\/div>\n\t\t<\/div>\n\t\t\t\t\t\t\t<\/div>\n\t\t<\/section>\n\t\t\t\t<section class=\"elementor-section elementor-top-section elementor-element elementor-element-60b43bd elementor-section-boxed elementor-section-height-default elementor-section-height-default\" data-id=\"60b43bd\" data-element_type=\"section\">\n\t\t\t\t\t\t<div class=\"elementor-container elementor-column-gap-default\">\n\t\t\t\t\t<div class=\"elementor-column elementor-col-100 elementor-top-column elementor-element elementor-element-eee3f45\" data-id=\"eee3f45\" data-element_type=\"column\">\n\t\t\t<div class=\"elementor-widget-wrap elementor-element-populated\">\n\t\t\t\t\t\t\t\t<div class=\"elementor-element elementor-element-e66a098 elementor-widget elementor-widget-spacer\" data-id=\"e66a098\" data-element_type=\"widget\" data-widget_type=\"spacer.default\">\n\t\t\t\t<div class=\"elementor-widget-container\">\n\t\t\t\t\t<div class=\"elementor-spacer\">\n\t\t\t<div class=\"elementor-spacer-inner\"><\/div>\n\t\t<\/div>\n\t\t\t\t<\/div>\n\t\t\t\t<\/div>\n\t\t\t\t\t<\/div>\n\t\t<\/div>\n\t\t\t\t\t\t\t<\/div>\n\t\t<\/section>\n\t\t\t\t\t\t\t<\/div>\n\t\t","protected":false},"excerpt":{"rendered":"<p>Auditor en Producci\u00f3n y Comercio No hay grandes vinos sin grandes uvas. Producci\u00f3n &#8211; el proceso \u00a0 Visita de vi\u00f1edos y mapeo An\u00e1lisis de campo An\u00e1lisis de suelos. Hoja de encierro (documento de identidad de la vi\u00f1a) Analizar los v\u00ednculos entre clima y terroir. Tipo de mantenimiento del vi\u00f1edo Teniendo en cuenta el mercado que [&hellip;]<\/p>\n","protected":false},"author":2,"featured_media":0,"parent":0,"menu_order":0,"comment_status":"closed","ping_status":"closed","template":"","meta":{"footnotes":""},"yoast_head":"<!-- This site is optimized with the Yoast SEO plugin v20.13 - https:\/\/yoast.com\/wordpress\/plugins\/seo\/ -->\n<title>Auditor en Producci\u00f3n y Comercio - Faiseur de Vin<\/title>\n<meta name=\"robots\" content=\"index, follow, max-snippet:-1, max-image-preview:large, max-video-preview:-1\" \/>\n<link rel=\"canonical\" href=\"https:\/\/www.olivierdauga.com\/es\/auditor-en-produccion-y-comercio\/\" \/>\n<meta property=\"og:locale\" content=\"es_ES\" \/>\n<meta property=\"og:type\" content=\"article\" \/>\n<meta property=\"og:title\" content=\"Auditor en Producci\u00f3n y Comercio - Faiseur de Vin\" \/>\n<meta property=\"og:description\" content=\"Auditor en Producci\u00f3n y Comercio No hay grandes vinos sin grandes uvas. Producci\u00f3n &#8211; el proceso \u00a0 Visita de vi\u00f1edos y mapeo An\u00e1lisis de campo An\u00e1lisis de suelos. Hoja de encierro (documento de identidad de la vi\u00f1a) Analizar los v\u00ednculos entre clima y terroir. Tipo de mantenimiento del vi\u00f1edo Teniendo en cuenta el mercado que [&hellip;]\" \/>\n<meta property=\"og:url\" content=\"https:\/\/www.olivierdauga.com\/es\/auditor-en-produccion-y-comercio\/\" \/>\n<meta property=\"og:site_name\" content=\"Faiseur de Vin\" \/>\n<meta property=\"article:modified_time\" content=\"2020-09-08T08:29:15+00:00\" \/>\n<meta name=\"twitter:card\" content=\"summary_large_image\" \/>\n<meta name=\"twitter:label1\" content=\"Tiempo de lectura\" \/>\n\t<meta name=\"twitter:data1\" content=\"1 minuto\" \/>\n<script type=\"application\/ld+json\" class=\"yoast-schema-graph\">{\"@context\":\"https:\/\/schema.org\",\"@graph\":[{\"@type\":\"WebPage\",\"@id\":\"https:\/\/www.olivierdauga.com\/es\/auditor-en-produccion-y-comercio\/\",\"url\":\"https:\/\/www.olivierdauga.com\/es\/auditor-en-produccion-y-comercio\/\",\"name\":\"Auditor en Producci\u00f3n y Comercio - Faiseur de Vin\",\"isPartOf\":{\"@id\":\"https:\/\/www.olivierdauga.com\/#website\"},\"datePublished\":\"2020-06-29T09:05:59+00:00\",\"dateModified\":\"2020-09-08T08:29:15+00:00\",\"breadcrumb\":{\"@id\":\"https:\/\/www.olivierdauga.com\/es\/auditor-en-produccion-y-comercio\/#breadcrumb\"},\"inLanguage\":\"es\",\"potentialAction\":[{\"@type\":\"ReadAction\",\"target\":[\"https:\/\/www.olivierdauga.com\/es\/auditor-en-produccion-y-comercio\/\"]}]},{\"@type\":\"BreadcrumbList\",\"@id\":\"https:\/\/www.olivierdauga.com\/es\/auditor-en-produccion-y-comercio\/#breadcrumb\",\"itemListElement\":[{\"@type\":\"ListItem\",\"position\":1,\"name\":\"Accueil\",\"item\":\"https:\/\/www.olivierdauga.com\/es\/\"},{\"@type\":\"ListItem\",\"position\":2,\"name\":\"Auditor en Producci\u00f3n y Comercio\"}]},{\"@type\":\"WebSite\",\"@id\":\"https:\/\/www.olivierdauga.com\/#website\",\"url\":\"https:\/\/www.olivierdauga.com\/\",\"name\":\"Faiseur de Vin\",\"description\":\"\",\"potentialAction\":[{\"@type\":\"SearchAction\",\"target\":{\"@type\":\"EntryPoint\",\"urlTemplate\":\"https:\/\/www.olivierdauga.com\/?s={search_term_string}\"},\"query-input\":\"required name=search_term_string\"}],\"inLanguage\":\"es\"}]}<\/script>\n<!-- \/ Yoast SEO plugin. -->","yoast_head_json":{"title":"Auditor en Producci\u00f3n y Comercio - Faiseur de Vin","robots":{"index":"index","follow":"follow","max-snippet":"max-snippet:-1","max-image-preview":"max-image-preview:large","max-video-preview":"max-video-preview:-1"},"canonical":"https:\/\/www.olivierdauga.com\/es\/auditor-en-produccion-y-comercio\/","og_locale":"es_ES","og_type":"article","og_title":"Auditor en Producci\u00f3n y Comercio - Faiseur de Vin","og_description":"Auditor en Producci\u00f3n y Comercio No hay grandes vinos sin grandes uvas. Producci\u00f3n &#8211; el proceso \u00a0 Visita de vi\u00f1edos y mapeo An\u00e1lisis de campo An\u00e1lisis de suelos. Hoja de encierro (documento de identidad de la vi\u00f1a) Analizar los v\u00ednculos entre clima y terroir. Tipo de mantenimiento del vi\u00f1edo Teniendo en cuenta el mercado que [&hellip;]","og_url":"https:\/\/www.olivierdauga.com\/es\/auditor-en-produccion-y-comercio\/","og_site_name":"Faiseur de Vin","article_modified_time":"2020-09-08T08:29:15+00:00","twitter_card":"summary_large_image","twitter_misc":{"Tiempo de lectura":"1 minuto"},"schema":{"@context":"https:\/\/schema.org","@graph":[{"@type":"WebPage","@id":"https:\/\/www.olivierdauga.com\/es\/auditor-en-produccion-y-comercio\/","url":"https:\/\/www.olivierdauga.com\/es\/auditor-en-produccion-y-comercio\/","name":"Auditor en Producci\u00f3n y Comercio - Faiseur de Vin","isPartOf":{"@id":"https:\/\/www.olivierdauga.com\/#website"},"datePublished":"2020-06-29T09:05:59+00:00","dateModified":"2020-09-08T08:29:15+00:00","breadcrumb":{"@id":"https:\/\/www.olivierdauga.com\/es\/auditor-en-produccion-y-comercio\/#breadcrumb"},"inLanguage":"es","potentialAction":[{"@type":"ReadAction","target":["https:\/\/www.olivierdauga.com\/es\/auditor-en-produccion-y-comercio\/"]}]},{"@type":"BreadcrumbList","@id":"https:\/\/www.olivierdauga.com\/es\/auditor-en-produccion-y-comercio\/#breadcrumb","itemListElement":[{"@type":"ListItem","position":1,"name":"Accueil","item":"https:\/\/www.olivierdauga.com\/es\/"},{"@type":"ListItem","position":2,"name":"Auditor en Producci\u00f3n y Comercio"}]},{"@type":"WebSite","@id":"https:\/\/www.olivierdauga.com\/#website","url":"https:\/\/www.olivierdauga.com\/","name":"Faiseur de Vin","description":"","potentialAction":[{"@type":"SearchAction","target":{"@type":"EntryPoint","urlTemplate":"https:\/\/www.olivierdauga.com\/?s={search_term_string}"},"query-input":"required name=search_term_string"}],"inLanguage":"es"}]}},"_links":{"self":[{"href":"https:\/\/www.olivierdauga.com\/es\/wp-json\/wp\/v2\/pages\/3037"}],"collection":[{"href":"https:\/\/www.olivierdauga.com\/es\/wp-json\/wp\/v2\/pages"}],"about":[{"href":"https:\/\/www.olivierdauga.com\/es\/wp-json\/wp\/v2\/types\/page"}],"author":[{"embeddable":true,"href":"https:\/\/www.olivierdauga.com\/es\/wp-json\/wp\/v2\/users\/2"}],"replies":[{"embeddable":true,"href":"https:\/\/www.olivierdauga.com\/es\/wp-json\/wp\/v2\/comments?post=3037"}],"version-history":[{"count":5,"href":"https:\/\/www.olivierdauga.com\/es\/wp-json\/wp\/v2\/pages\/3037\/revisions"}],"predecessor-version":[{"id":3847,"href":"https:\/\/www.olivierdauga.com\/es\/wp-json\/wp\/v2\/pages\/3037\/revisions\/3847"}],"wp:attachment":[{"href":"https:\/\/www.olivierdauga.com\/es\/wp-json\/wp\/v2\/media?parent=3037"}],"curies":[{"name":"wp","href":"https:\/\/api.w.org\/{rel}","templated":true}]}}