{"id":3021,"date":"2020-06-29T10:52:42","date_gmt":"2020-06-29T08:52:42","guid":{"rendered":"https:\/\/www.olivierdauga.com\/?page_id=3021"},"modified":"2021-09-01T15:51:12","modified_gmt":"2021-09-01T13:51:12","slug":"colaboradores","status":"publish","type":"page","link":"https:\/\/www.olivierdauga.com\/es\/colaboradores\/","title":{"rendered":"Colaboradores"},"content":{"rendered":"\t\t<div data-elementor-type=\"wp-page\" data-elementor-id=\"3021\" class=\"elementor elementor-3021\" data-elementor-post-type=\"page\">\n\t\t\t\t\t\t\t\t\t<section class=\"elementor-section elementor-top-section elementor-element elementor-element-6b126dc9 elementor-section-boxed elementor-section-height-default elementor-section-height-default\" data-id=\"6b126dc9\" data-element_type=\"section\" data-settings=\"{&quot;background_background&quot;:&quot;classic&quot;}\">\n\t\t\t\t\t\t\t<div class=\"elementor-background-overlay\"><\/div>\n\t\t\t\t\t\t\t<div class=\"elementor-container elementor-column-gap-default\">\n\t\t\t\t\t<div class=\"elementor-column elementor-col-100 elementor-top-column elementor-element elementor-element-2d9500d0\" data-id=\"2d9500d0\" data-element_type=\"column\">\n\t\t\t<div class=\"elementor-widget-wrap elementor-element-populated\">\n\t\t\t\t\t\t\t\t<div class=\"elementor-element elementor-element-71fba51e elementor-widget elementor-widget-heading\" data-id=\"71fba51e\" data-element_type=\"widget\" data-widget_type=\"heading.default\">\n\t\t\t\t<div class=\"elementor-widget-container\">\n\t\t\t<h1 class=\"elementor-heading-title elementor-size-default\">Colaboradores<\/h1>\t\t<\/div>\n\t\t\t\t<\/div>\n\t\t\t\t\t<\/div>\n\t\t<\/div>\n\t\t\t\t\t\t\t<\/div>\n\t\t<\/section>\n\t\t\t\t<section class=\"elementor-section elementor-top-section elementor-element elementor-element-2ee8dff elementor-section-boxed elementor-section-height-default elementor-section-height-default elementor-invisible\" data-id=\"2ee8dff\" data-element_type=\"section\" data-settings=\"{&quot;animation&quot;:&quot;fadeInLeft&quot;}\">\n\t\t\t\t\t\t\t<div class=\"elementor-background-overlay\"><\/div>\n\t\t\t\t\t\t\t<div class=\"elementor-container elementor-column-gap-default\">\n\t\t\t\t\t<div class=\"elementor-column elementor-col-50 elementor-top-column elementor-element elementor-element-8357444\" data-id=\"8357444\" data-element_type=\"column\">\n\t\t\t<div class=\"elementor-widget-wrap elementor-element-populated\">\n\t\t\t\t\t\t\t\t<div class=\"elementor-element elementor-element-ece05dd elementor-widget elementor-widget-heading\" data-id=\"ece05dd\" data-element_type=\"widget\" data-widget_type=\"heading.default\">\n\t\t\t\t<div class=\"elementor-widget-container\">\n\t\t\t<h2 class=\"elementor-heading-title elementor-size-default\">Olivier Dauga<\/h2>\t\t<\/div>\n\t\t\t\t<\/div>\n\t\t\t\t<div class=\"elementor-element elementor-element-f5fdc9d elementor-widget elementor-widget-text-editor\" data-id=\"f5fdc9d\" data-element_type=\"widget\" data-widget_type=\"text-editor.default\">\n\t\t\t\t<div class=\"elementor-widget-container\">\n\t\t\t\t\t\t\t<p>Consultor en Vino<\/p>\t\t\t\t\t\t<\/div>\n\t\t\t\t<\/div>\n\t\t\t\t<div class=\"elementor-element elementor-element-a22ef09 elementor-widget elementor-widget-text-editor\" data-id=\"a22ef09\" data-element_type=\"widget\" data-widget_type=\"text-editor.default\">\n\t\t\t\t<div class=\"elementor-widget-container\">\n\t\t\t\t\t\t\t<p>Olivier, un en\u00f3logo, aconseja \u00e1reas donde el potencial del terroir a menudo est\u00e1 latente, o incluso mal explotado. Su objetivo es colaborar con las propiedades productoras de vino en la producci\u00f3n de vinos de alta calidad y afirmar su reputaci\u00f3n en todos los mercados.<\/p>\t\t\t\t\t\t<\/div>\n\t\t\t\t<\/div>\n\t\t\t\t\t<\/div>\n\t\t<\/div>\n\t\t\t\t<div class=\"elementor-column elementor-col-50 elementor-top-column elementor-element elementor-element-1913dd6\" data-id=\"1913dd6\" data-element_type=\"column\">\n\t\t\t<div class=\"elementor-widget-wrap elementor-element-populated\">\n\t\t\t\t\t\t\t\t<div class=\"elementor-element elementor-element-374f09e elementor-widget elementor-widget-image\" data-id=\"374f09e\" data-element_type=\"widget\" data-widget_type=\"image.default\">\n\t\t\t\t<div class=\"elementor-widget-container\">\n\t\t\t\t\t\t\t\t\t\t\t\t\t\t\t<img decoding=\"async\" loading=\"lazy\" width=\"300\" height=\"298\" src=\"https:\/\/www.olivierdauga.com\/wp-content\/uploads\/2020\/04\/02_Photo_\u00e9quipe_Olivier-300x298.png\" class=\"attachment-medium size-medium wp-image-658\" alt=\"\" srcset=\"https:\/\/www.olivierdauga.com\/wp-content\/uploads\/2020\/04\/02_Photo_\u00e9quipe_Olivier-300x298.png 300w, https:\/\/www.olivierdauga.com\/wp-content\/uploads\/2020\/04\/02_Photo_\u00e9quipe_Olivier-150x150.png 150w, https:\/\/www.olivierdauga.com\/wp-content\/uploads\/2020\/04\/02_Photo_\u00e9quipe_Olivier.png 675w\" sizes=\"(max-width: 300px) 100vw, 300px\" \/>\t\t\t\t\t\t\t\t\t\t\t\t\t\t\t<\/div>\n\t\t\t\t<\/div>\n\t\t\t\t\t<\/div>\n\t\t<\/div>\n\t\t\t\t\t\t\t<\/div>\n\t\t<\/section>\n\t\t\t\t<section class=\"elementor-section elementor-top-section elementor-element elementor-element-c3ae71b elementor-section-boxed elementor-section-height-default elementor-section-height-default\" data-id=\"c3ae71b\" data-element_type=\"section\">\n\t\t\t\t\t\t<div class=\"elementor-container elementor-column-gap-default\">\n\t\t\t\t\t<div class=\"elementor-column elementor-col-100 elementor-top-column elementor-element elementor-element-5354beb\" data-id=\"5354beb\" data-element_type=\"column\">\n\t\t\t<div class=\"elementor-widget-wrap elementor-element-populated\">\n\t\t\t\t\t\t\t\t<div class=\"elementor-element elementor-element-1532b9d elementor-widget elementor-widget-spacer\" data-id=\"1532b9d\" data-element_type=\"widget\" data-widget_type=\"spacer.default\">\n\t\t\t\t<div class=\"elementor-widget-container\">\n\t\t\t\t\t<div class=\"elementor-spacer\">\n\t\t\t<div class=\"elementor-spacer-inner\"><\/div>\n\t\t<\/div>\n\t\t\t\t<\/div>\n\t\t\t\t<\/div>\n\t\t\t\t\t<\/div>\n\t\t<\/div>\n\t\t\t\t\t\t\t<\/div>\n\t\t<\/section>\n\t\t\t\t<section class=\"elementor-section elementor-top-section elementor-element elementor-element-6e66dc4 elementor-section-boxed elementor-section-height-default elementor-section-height-default elementor-invisible\" data-id=\"6e66dc4\" data-element_type=\"section\" data-settings=\"{&quot;animation&quot;:&quot;fadeInRight&quot;}\">\n\t\t\t\t\t\t\t<div class=\"elementor-background-overlay\"><\/div>\n\t\t\t\t\t\t\t<div class=\"elementor-container elementor-column-gap-default\">\n\t\t\t\t\t<div class=\"elementor-column elementor-col-50 elementor-top-column elementor-element elementor-element-047d041\" data-id=\"047d041\" data-element_type=\"column\">\n\t\t\t<div class=\"elementor-widget-wrap elementor-element-populated\">\n\t\t\t\t\t\t\t\t<div class=\"elementor-element elementor-element-53c8ab5 elementor-widget elementor-widget-image\" data-id=\"53c8ab5\" data-element_type=\"widget\" data-widget_type=\"image.default\">\n\t\t\t\t<div class=\"elementor-widget-container\">\n\t\t\t\t\t\t\t\t\t\t\t\t\t\t\t<img decoding=\"async\" loading=\"lazy\" width=\"300\" height=\"298\" src=\"https:\/\/www.olivierdauga.com\/wp-content\/uploads\/2020\/04\/01_Photo_\u00e9quipe_Catherine-300x298.png\" class=\"attachment-medium size-medium wp-image-654\" alt=\"\" srcset=\"https:\/\/www.olivierdauga.com\/wp-content\/uploads\/2020\/04\/01_Photo_\u00e9quipe_Catherine-300x298.png 300w, https:\/\/www.olivierdauga.com\/wp-content\/uploads\/2020\/04\/01_Photo_\u00e9quipe_Catherine-150x150.png 150w, https:\/\/www.olivierdauga.com\/wp-content\/uploads\/2020\/04\/01_Photo_\u00e9quipe_Catherine.png 675w\" sizes=\"(max-width: 300px) 100vw, 300px\" \/>\t\t\t\t\t\t\t\t\t\t\t\t\t\t\t<\/div>\n\t\t\t\t<\/div>\n\t\t\t\t\t<\/div>\n\t\t<\/div>\n\t\t\t\t<div class=\"elementor-column elementor-col-50 elementor-top-column elementor-element elementor-element-1f0bf5d\" data-id=\"1f0bf5d\" data-element_type=\"column\">\n\t\t\t<div class=\"elementor-widget-wrap elementor-element-populated\">\n\t\t\t\t\t\t\t\t<div class=\"elementor-element elementor-element-06baf6e elementor-widget elementor-widget-heading\" data-id=\"06baf6e\" data-element_type=\"widget\" data-widget_type=\"heading.default\">\n\t\t\t\t<div class=\"elementor-widget-container\">\n\t\t\t<h2 class=\"elementor-heading-title elementor-size-default\">Catherine Socasau\u200b<\/h2>\t\t<\/div>\n\t\t\t\t<\/div>\n\t\t\t\t<div class=\"elementor-element elementor-element-4f601ea elementor-widget elementor-widget-text-editor\" data-id=\"4f601ea\" data-element_type=\"widget\" data-widget_type=\"text-editor.default\">\n\t\t\t\t<div class=\"elementor-widget-container\">\n\t\t\t\t\t\t\t<p>Asistente Ejecutiva<\/p>\t\t\t\t\t\t<\/div>\n\t\t\t\t<\/div>\n\t\t\t\t<div class=\"elementor-element elementor-element-fe36741 elementor-widget elementor-widget-text-editor\" data-id=\"fe36741\" data-element_type=\"widget\" data-widget_type=\"text-editor.default\">\n\t\t\t\t<div class=\"elementor-widget-container\">\n\t\t\t\t\t\t\t<p>Con 25 a\u00f1os de experiencia internacional en el mundo del vino en los campos de comunicaci\u00f3n, marketing y marketing adquiridos en comercio, corretaje y propiedad, Catherine tambi\u00e9n tiene una s\u00f3lida experiencia en degustaci\u00f3n (DUAD, WSET).<\/p>\t\t\t\t\t\t<\/div>\n\t\t\t\t<\/div>\n\t\t\t\t\t<\/div>\n\t\t<\/div>\n\t\t\t\t\t\t\t<\/div>\n\t\t<\/section>\n\t\t\t\t<section class=\"elementor-section elementor-top-section elementor-element elementor-element-5c54104 elementor-section-boxed elementor-section-height-default elementor-section-height-default\" data-id=\"5c54104\" data-element_type=\"section\">\n\t\t\t\t\t\t<div class=\"elementor-container elementor-column-gap-default\">\n\t\t\t\t\t<div class=\"elementor-column elementor-col-100 elementor-top-column elementor-element elementor-element-df35c1d\" data-id=\"df35c1d\" data-element_type=\"column\">\n\t\t\t<div class=\"elementor-widget-wrap elementor-element-populated\">\n\t\t\t\t\t\t\t\t<div class=\"elementor-element elementor-element-aad4b05 elementor-widget elementor-widget-spacer\" data-id=\"aad4b05\" data-element_type=\"widget\" data-widget_type=\"spacer.default\">\n\t\t\t\t<div class=\"elementor-widget-container\">\n\t\t\t\t\t<div class=\"elementor-spacer\">\n\t\t\t<div class=\"elementor-spacer-inner\"><\/div>\n\t\t<\/div>\n\t\t\t\t<\/div>\n\t\t\t\t<\/div>\n\t\t\t\t\t<\/div>\n\t\t<\/div>\n\t\t\t\t\t\t\t<\/div>\n\t\t<\/section>\n\t\t\t\t<section class=\"elementor-section elementor-top-section elementor-element elementor-element-ce4318e elementor-hidden-desktop elementor-hidden-tablet elementor-hidden-phone elementor-section-boxed elementor-section-height-default elementor-section-height-default elementor-invisible\" data-id=\"ce4318e\" data-element_type=\"section\" data-settings=\"{&quot;animation&quot;:&quot;fadeInLeft&quot;}\">\n\t\t\t\t\t\t\t<div class=\"elementor-background-overlay\"><\/div>\n\t\t\t\t\t\t\t<div class=\"elementor-container elementor-column-gap-default\">\n\t\t\t\t\t<div class=\"elementor-column elementor-col-50 elementor-top-column elementor-element elementor-element-18e930d\" data-id=\"18e930d\" data-element_type=\"column\">\n\t\t\t<div class=\"elementor-widget-wrap elementor-element-populated\">\n\t\t\t\t\t\t\t\t<div class=\"elementor-element elementor-element-fd51bae elementor-widget elementor-widget-heading\" data-id=\"fd51bae\" data-element_type=\"widget\" data-widget_type=\"heading.default\">\n\t\t\t\t<div class=\"elementor-widget-container\">\n\t\t\t<h2 class=\"elementor-heading-title elementor-size-default\">Tara Yung\u200b<\/h2>\t\t<\/div>\n\t\t\t\t<\/div>\n\t\t\t\t<div class=\"elementor-element elementor-element-b806a6b elementor-widget elementor-widget-text-editor\" data-id=\"b806a6b\" data-element_type=\"widget\" data-widget_type=\"text-editor.default\">\n\t\t\t\t<div class=\"elementor-widget-container\">\n\t\t\t\t\t\t\t<p>Responsable de Comunicaci\u00f3n<\/p>\t\t\t\t\t\t<\/div>\n\t\t\t\t<\/div>\n\t\t\t\t<div class=\"elementor-element elementor-element-5d63e83 elementor-widget elementor-widget-text-editor\" data-id=\"5d63e83\" data-element_type=\"widget\" data-widget_type=\"text-editor.default\">\n\t\t\t\t<div class=\"elementor-widget-container\">\n\t\t\t\t\t\t\t<p>Actualmente en formaci\u00f3n para convertirse en una experta en estrategia digital, Tara tiene 4 a\u00f1os de experiencia en medios de comunicaci\u00f3n digital, incluida la gesti\u00f3n de redes sociales y herramientas en l\u00ednea. Ella est\u00e1 llevando a cabo su contrato de profesionalizaci\u00f3n dentro del equipo Faiseur de vin\u00ae.<\/p>\t\t\t\t\t\t<\/div>\n\t\t\t\t<\/div>\n\t\t\t\t\t<\/div>\n\t\t<\/div>\n\t\t\t\t<div class=\"elementor-column elementor-col-50 elementor-top-column elementor-element elementor-element-e01f99e\" data-id=\"e01f99e\" data-element_type=\"column\">\n\t\t\t<div class=\"elementor-widget-wrap elementor-element-populated\">\n\t\t\t\t\t\t\t\t<div class=\"elementor-element elementor-element-93fee77 elementor-widget elementor-widget-image\" data-id=\"93fee77\" data-element_type=\"widget\" data-widget_type=\"image.default\">\n\t\t\t\t<div class=\"elementor-widget-container\">\n\t\t\t\t\t\t\t\t\t\t\t\t\t\t\t<img decoding=\"async\" loading=\"lazy\" width=\"300\" height=\"298\" src=\"https:\/\/www.olivierdauga.com\/wp-content\/uploads\/2020\/04\/03_Photo_\u00e9quipe_Tara-300x298.png\" class=\"attachment-medium size-medium wp-image-662\" alt=\"\" srcset=\"https:\/\/www.olivierdauga.com\/wp-content\/uploads\/2020\/04\/03_Photo_\u00e9quipe_Tara-300x298.png 300w, https:\/\/www.olivierdauga.com\/wp-content\/uploads\/2020\/04\/03_Photo_\u00e9quipe_Tara-150x150.png 150w, https:\/\/www.olivierdauga.com\/wp-content\/uploads\/2020\/04\/03_Photo_\u00e9quipe_Tara.png 675w\" sizes=\"(max-width: 300px) 100vw, 300px\" \/>\t\t\t\t\t\t\t\t\t\t\t\t\t\t\t<\/div>\n\t\t\t\t<\/div>\n\t\t\t\t\t<\/div>\n\t\t<\/div>\n\t\t\t\t\t\t\t<\/div>\n\t\t<\/section>\n\t\t\t\t<section class=\"elementor-section elementor-top-section elementor-element elementor-element-60b9da0 elementor-section-boxed elementor-section-height-default elementor-section-height-default\" data-id=\"60b9da0\" data-element_type=\"section\">\n\t\t\t\t\t\t<div class=\"elementor-container elementor-column-gap-default\">\n\t\t\t\t\t<div class=\"elementor-column elementor-col-100 elementor-top-column elementor-element elementor-element-66eab65\" data-id=\"66eab65\" data-element_type=\"column\">\n\t\t\t<div class=\"elementor-widget-wrap elementor-element-populated\">\n\t\t\t\t\t\t\t\t<div class=\"elementor-element elementor-element-a001494 elementor-widget elementor-widget-spacer\" data-id=\"a001494\" data-element_type=\"widget\" data-widget_type=\"spacer.default\">\n\t\t\t\t<div class=\"elementor-widget-container\">\n\t\t\t\t\t<div class=\"elementor-spacer\">\n\t\t\t<div class=\"elementor-spacer-inner\"><\/div>\n\t\t<\/div>\n\t\t\t\t<\/div>\n\t\t\t\t<\/div>\n\t\t\t\t\t<\/div>\n\t\t<\/div>\n\t\t\t\t\t\t\t<\/div>\n\t\t<\/section>\n\t\t\t\t\t\t\t<\/div>\n\t\t","protected":false},"excerpt":{"rendered":"<p>Colaboradores Olivier Dauga Consultor en Vino Olivier, un en\u00f3logo, aconseja \u00e1reas donde el potencial del terroir a menudo est\u00e1 latente, o incluso mal explotado. Su objetivo es colaborar con las propiedades productoras de vino en la producci\u00f3n de vinos de alta calidad y afirmar su reputaci\u00f3n en todos los mercados. Catherine Socasau\u200b Asistente Ejecutiva Con [&hellip;]<\/p>\n","protected":false},"author":2,"featured_media":0,"parent":0,"menu_order":0,"comment_status":"closed","ping_status":"closed","template":"","meta":{"footnotes":""},"yoast_head":"<!-- This site is optimized with the Yoast SEO plugin v20.13 - https:\/\/yoast.com\/wordpress\/plugins\/seo\/ -->\n<title>Colaboradores - Faiseur de Vin<\/title>\n<meta name=\"robots\" content=\"index, follow, max-snippet:-1, max-image-preview:large, max-video-preview:-1\" \/>\n<link rel=\"canonical\" href=\"https:\/\/www.olivierdauga.com\/es\/colaboradores\/\" \/>\n<meta property=\"og:locale\" content=\"es_ES\" \/>\n<meta property=\"og:type\" content=\"article\" \/>\n<meta property=\"og:title\" content=\"Colaboradores - Faiseur de Vin\" \/>\n<meta property=\"og:description\" content=\"Colaboradores Olivier Dauga Consultor en Vino Olivier, un en\u00f3logo, aconseja \u00e1reas donde el potencial del terroir a menudo est\u00e1 latente, o incluso mal explotado. Su objetivo es colaborar con las propiedades productoras de vino en la producci\u00f3n de vinos de alta calidad y afirmar su reputaci\u00f3n en todos los mercados. Catherine Socasau\u200b Asistente Ejecutiva Con [&hellip;]\" \/>\n<meta property=\"og:url\" content=\"https:\/\/www.olivierdauga.com\/es\/colaboradores\/\" \/>\n<meta property=\"og:site_name\" content=\"Faiseur de Vin\" \/>\n<meta property=\"article:modified_time\" content=\"2021-09-01T13:51:12+00:00\" \/>\n<meta property=\"og:image\" content=\"https:\/\/www.olivierdauga.com\/wp-content\/uploads\/2020\/04\/02_Photo_\u00e9quipe_Olivier-300x298.png\" \/>\n<meta name=\"twitter:card\" content=\"summary_large_image\" \/>\n<meta name=\"twitter:label1\" content=\"Tiempo de lectura\" \/>\n\t<meta name=\"twitter:data1\" content=\"2 minutos\" \/>\n<script type=\"application\/ld+json\" class=\"yoast-schema-graph\">{\"@context\":\"https:\/\/schema.org\",\"@graph\":[{\"@type\":\"WebPage\",\"@id\":\"https:\/\/www.olivierdauga.com\/es\/colaboradores\/\",\"url\":\"https:\/\/www.olivierdauga.com\/es\/colaboradores\/\",\"name\":\"Colaboradores - Faiseur de Vin\",\"isPartOf\":{\"@id\":\"https:\/\/www.olivierdauga.com\/#website\"},\"datePublished\":\"2020-06-29T08:52:42+00:00\",\"dateModified\":\"2021-09-01T13:51:12+00:00\",\"breadcrumb\":{\"@id\":\"https:\/\/www.olivierdauga.com\/es\/colaboradores\/#breadcrumb\"},\"inLanguage\":\"es\",\"potentialAction\":[{\"@type\":\"ReadAction\",\"target\":[\"https:\/\/www.olivierdauga.com\/es\/colaboradores\/\"]}]},{\"@type\":\"BreadcrumbList\",\"@id\":\"https:\/\/www.olivierdauga.com\/es\/colaboradores\/#breadcrumb\",\"itemListElement\":[{\"@type\":\"ListItem\",\"position\":1,\"name\":\"Accueil\",\"item\":\"https:\/\/www.olivierdauga.com\/es\/\"},{\"@type\":\"ListItem\",\"position\":2,\"name\":\"Colaboradores\"}]},{\"@type\":\"WebSite\",\"@id\":\"https:\/\/www.olivierdauga.com\/#website\",\"url\":\"https:\/\/www.olivierdauga.com\/\",\"name\":\"Faiseur de Vin\",\"description\":\"\",\"potentialAction\":[{\"@type\":\"SearchAction\",\"target\":{\"@type\":\"EntryPoint\",\"urlTemplate\":\"https:\/\/www.olivierdauga.com\/?s={search_term_string}\"},\"query-input\":\"required name=search_term_string\"}],\"inLanguage\":\"es\"}]}<\/script>\n<!-- \/ Yoast SEO plugin. -->","yoast_head_json":{"title":"Colaboradores - Faiseur de Vin","robots":{"index":"index","follow":"follow","max-snippet":"max-snippet:-1","max-image-preview":"max-image-preview:large","max-video-preview":"max-video-preview:-1"},"canonical":"https:\/\/www.olivierdauga.com\/es\/colaboradores\/","og_locale":"es_ES","og_type":"article","og_title":"Colaboradores - Faiseur de Vin","og_description":"Colaboradores Olivier Dauga Consultor en Vino Olivier, un en\u00f3logo, aconseja \u00e1reas donde el potencial del terroir a menudo est\u00e1 latente, o incluso mal explotado. Su objetivo es colaborar con las propiedades productoras de vino en la producci\u00f3n de vinos de alta calidad y afirmar su reputaci\u00f3n en todos los mercados. Catherine Socasau\u200b Asistente Ejecutiva Con [&hellip;]","og_url":"https:\/\/www.olivierdauga.com\/es\/colaboradores\/","og_site_name":"Faiseur de Vin","article_modified_time":"2021-09-01T13:51:12+00:00","og_image":[{"url":"https:\/\/www.olivierdauga.com\/wp-content\/uploads\/2020\/04\/02_Photo_\u00e9quipe_Olivier-300x298.png"}],"twitter_card":"summary_large_image","twitter_misc":{"Tiempo de lectura":"2 minutos"},"schema":{"@context":"https:\/\/schema.org","@graph":[{"@type":"WebPage","@id":"https:\/\/www.olivierdauga.com\/es\/colaboradores\/","url":"https:\/\/www.olivierdauga.com\/es\/colaboradores\/","name":"Colaboradores - Faiseur de Vin","isPartOf":{"@id":"https:\/\/www.olivierdauga.com\/#website"},"datePublished":"2020-06-29T08:52:42+00:00","dateModified":"2021-09-01T13:51:12+00:00","breadcrumb":{"@id":"https:\/\/www.olivierdauga.com\/es\/colaboradores\/#breadcrumb"},"inLanguage":"es","potentialAction":[{"@type":"ReadAction","target":["https:\/\/www.olivierdauga.com\/es\/colaboradores\/"]}]},{"@type":"BreadcrumbList","@id":"https:\/\/www.olivierdauga.com\/es\/colaboradores\/#breadcrumb","itemListElement":[{"@type":"ListItem","position":1,"name":"Accueil","item":"https:\/\/www.olivierdauga.com\/es\/"},{"@type":"ListItem","position":2,"name":"Colaboradores"}]},{"@type":"WebSite","@id":"https:\/\/www.olivierdauga.com\/#website","url":"https:\/\/www.olivierdauga.com\/","name":"Faiseur de Vin","description":"","potentialAction":[{"@type":"SearchAction","target":{"@type":"EntryPoint","urlTemplate":"https:\/\/www.olivierdauga.com\/?s={search_term_string}"},"query-input":"required name=search_term_string"}],"inLanguage":"es"}]}},"_links":{"self":[{"href":"https:\/\/www.olivierdauga.com\/es\/wp-json\/wp\/v2\/pages\/3021"}],"collection":[{"href":"https:\/\/www.olivierdauga.com\/es\/wp-json\/wp\/v2\/pages"}],"about":[{"href":"https:\/\/www.olivierdauga.com\/es\/wp-json\/wp\/v2\/types\/page"}],"author":[{"embeddable":true,"href":"https:\/\/www.olivierdauga.com\/es\/wp-json\/wp\/v2\/users\/2"}],"replies":[{"embeddable":true,"href":"https:\/\/www.olivierdauga.com\/es\/wp-json\/wp\/v2\/comments?post=3021"}],"version-history":[{"count":9,"href":"https:\/\/www.olivierdauga.com\/es\/wp-json\/wp\/v2\/pages\/3021\/revisions"}],"predecessor-version":[{"id":4997,"href":"https:\/\/www.olivierdauga.com\/es\/wp-json\/wp\/v2\/pages\/3021\/revisions\/4997"}],"wp:attachment":[{"href":"https:\/\/www.olivierdauga.com\/es\/wp-json\/wp\/v2\/media?parent=3021"}],"curies":[{"name":"wp","href":"https:\/\/api.w.org\/{rel}","templated":true}]}}