{"id":3020,"date":"2020-06-29T10:52:33","date_gmt":"2020-06-29T08:52:33","guid":{"rendered":"https:\/\/www.olivierdauga.com\/?page_id=3020"},"modified":"2020-07-10T16:21:27","modified_gmt":"2020-07-10T14:21:27","slug":"olivier-dauga-el-hombre","status":"publish","type":"page","link":"https:\/\/www.olivierdauga.com\/es\/olivier-dauga-el-hombre\/","title":{"rendered":"Olivier Dauga, El Hombre"},"content":{"rendered":"\t\t<div data-elementor-type=\"wp-page\" data-elementor-id=\"3020\" class=\"elementor elementor-3020\" data-elementor-post-type=\"page\">\n\t\t\t\t\t\t\t\t\t<section class=\"elementor-section elementor-top-section elementor-element elementor-element-6cbd7a20 elementor-section-boxed elementor-section-height-default elementor-section-height-default\" data-id=\"6cbd7a20\" data-element_type=\"section\" data-settings=\"{&quot;background_background&quot;:&quot;classic&quot;}\">\n\t\t\t\t\t\t\t<div class=\"elementor-background-overlay\"><\/div>\n\t\t\t\t\t\t\t<div class=\"elementor-container elementor-column-gap-default\">\n\t\t\t\t\t<div class=\"elementor-column elementor-col-100 elementor-top-column elementor-element elementor-element-406e9dc0\" data-id=\"406e9dc0\" data-element_type=\"column\">\n\t\t\t<div class=\"elementor-widget-wrap elementor-element-populated\">\n\t\t\t\t\t\t\t\t<div class=\"elementor-element elementor-element-1f2bddf5 elementor-widget elementor-widget-heading\" data-id=\"1f2bddf5\" data-element_type=\"widget\" data-widget_type=\"heading.default\">\n\t\t\t\t<div class=\"elementor-widget-container\">\n\t\t\t<h1 class=\"elementor-heading-title elementor-size-default\">Olivier Dauga, El Hombre<\/h1>\t\t<\/div>\n\t\t\t\t<\/div>\n\t\t\t\t\t<\/div>\n\t\t<\/div>\n\t\t\t\t\t\t\t<\/div>\n\t\t<\/section>\n\t\t\t\t<section class=\"elementor-section elementor-top-section elementor-element elementor-element-e5cb54c elementor-section-boxed elementor-section-height-default elementor-section-height-default\" data-id=\"e5cb54c\" data-element_type=\"section\">\n\t\t\t\t\t\t<div class=\"elementor-container elementor-column-gap-default\">\n\t\t\t\t\t<div class=\"elementor-column elementor-col-100 elementor-top-column elementor-element elementor-element-aefb500\" data-id=\"aefb500\" data-element_type=\"column\">\n\t\t\t<div class=\"elementor-widget-wrap elementor-element-populated\">\n\t\t\t\t\t\t\t\t<div class=\"elementor-element elementor-element-774e727 elementor-widget elementor-widget-spacer\" data-id=\"774e727\" data-element_type=\"widget\" data-widget_type=\"spacer.default\">\n\t\t\t\t<div class=\"elementor-widget-container\">\n\t\t\t\t\t<div class=\"elementor-spacer\">\n\t\t\t<div class=\"elementor-spacer-inner\"><\/div>\n\t\t<\/div>\n\t\t\t\t<\/div>\n\t\t\t\t<\/div>\n\t\t\t\t\t<\/div>\n\t\t<\/div>\n\t\t\t\t\t\t\t<\/div>\n\t\t<\/section>\n\t\t\t\t<section class=\"elementor-section elementor-top-section elementor-element elementor-element-eefc021 elementor-section-boxed elementor-section-height-default elementor-section-height-default\" data-id=\"eefc021\" data-element_type=\"section\">\n\t\t\t\t\t\t<div class=\"elementor-container elementor-column-gap-default\">\n\t\t\t\t\t<div class=\"elementor-column elementor-col-50 elementor-top-column elementor-element elementor-element-a157c2e\" data-id=\"a157c2e\" data-element_type=\"column\">\n\t\t\t<div class=\"elementor-widget-wrap elementor-element-populated\">\n\t\t\t\t\t\t\t\t<div class=\"elementor-element elementor-element-19823e7 elementor-widget elementor-widget-spacer\" data-id=\"19823e7\" data-element_type=\"widget\" data-widget_type=\"spacer.default\">\n\t\t\t\t<div class=\"elementor-widget-container\">\n\t\t\t\t\t<div class=\"elementor-spacer\">\n\t\t\t<div class=\"elementor-spacer-inner\"><\/div>\n\t\t<\/div>\n\t\t\t\t<\/div>\n\t\t\t\t<\/div>\n\t\t\t\t<div class=\"elementor-element elementor-element-a639116 elementor-widget elementor-widget-text-editor\" data-id=\"a639116\" data-element_type=\"widget\" data-widget_type=\"text-editor.default\">\n\t\t\t\t<div class=\"elementor-widget-container\">\n\t\t\t\t\t\t\t<div class=\"elementor-testimonial-name\"><strong>Olivier Dauga<\/strong>, Consultor de vinos<\/div>\t\t\t\t\t\t<\/div>\n\t\t\t\t<\/div>\n\t\t\t\t<div class=\"elementor-element elementor-element-3e29c3d elementor-widget elementor-widget-heading\" data-id=\"3e29c3d\" data-element_type=\"widget\" data-widget_type=\"heading.default\">\n\t\t\t\t<div class=\"elementor-widget-container\">\n\t\t\t<h2 class=\"elementor-heading-title elementor-size-default\">No soy un en\u00f3logo, sino un Faiseur en vin\u00ae<\/h2>\t\t<\/div>\n\t\t\t\t<\/div>\n\t\t\t\t<div class=\"elementor-element elementor-element-2df9a98 elementor-widget elementor-widget-spacer\" data-id=\"2df9a98\" data-element_type=\"widget\" data-widget_type=\"spacer.default\">\n\t\t\t\t<div class=\"elementor-widget-container\">\n\t\t\t\t\t<div class=\"elementor-spacer\">\n\t\t\t<div class=\"elementor-spacer-inner\"><\/div>\n\t\t<\/div>\n\t\t\t\t<\/div>\n\t\t\t\t<\/div>\n\t\t\t\t\t<\/div>\n\t\t<\/div>\n\t\t\t\t<div class=\"elementor-column elementor-col-50 elementor-top-column elementor-element elementor-element-73407a7\" data-id=\"73407a7\" data-element_type=\"column\">\n\t\t\t<div class=\"elementor-widget-wrap elementor-element-populated\">\n\t\t\t\t\t\t\t\t<div class=\"elementor-element elementor-element-2996b4b elementor-widget elementor-widget-image\" data-id=\"2996b4b\" data-element_type=\"widget\" data-widget_type=\"image.default\">\n\t\t\t\t<div class=\"elementor-widget-container\">\n\t\t\t\t\t\t\t\t\t\t\t\t\t\t\t<img decoding=\"async\" loading=\"lazy\" width=\"500\" height=\"500\" src=\"https:\/\/www.olivierdauga.com\/wp-content\/uploads\/2020\/05\/07_Faiseur_de_vin-1-e1589382381213.png\" class=\"attachment-full size-full wp-image-939\" alt=\"\" \/>\t\t\t\t\t\t\t\t\t\t\t\t\t\t\t<\/div>\n\t\t\t\t<\/div>\n\t\t\t\t\t<\/div>\n\t\t<\/div>\n\t\t\t\t\t\t\t<\/div>\n\t\t<\/section>\n\t\t\t\t<section class=\"elementor-section elementor-top-section elementor-element elementor-element-eb25164 elementor-section-boxed elementor-section-height-default elementor-section-height-default\" data-id=\"eb25164\" data-element_type=\"section\">\n\t\t\t\t\t\t<div class=\"elementor-container elementor-column-gap-default\">\n\t\t\t\t\t<div class=\"elementor-column elementor-col-100 elementor-top-column elementor-element elementor-element-760aff2\" data-id=\"760aff2\" data-element_type=\"column\">\n\t\t\t<div class=\"elementor-widget-wrap elementor-element-populated\">\n\t\t\t\t\t\t\t\t<div class=\"elementor-element elementor-element-2ff7aef elementor-widget elementor-widget-text-editor\" data-id=\"2ff7aef\" data-element_type=\"widget\" data-widget_type=\"text-editor.default\">\n\t\t\t\t<div class=\"elementor-widget-container\">\n\t\t\t\t\t\t\t<p>Olivier Dauga naci\u00f3 en Libourne, en 1964, con una vid en la mano y un racimo de uvas en la<\/p><p>otra. Proveniente de una familia de en\u00f3logos, representa con orgullo a la s\u00e9ptima<\/p><p>generaci\u00f3n.<\/p><p>Construy\u00f3 su aprendizaje en Burdeos y su aprendizaje y adquiri\u00f3 una s\u00f3lida experiencia en<\/p><p>Sociando-Mallet, La Tour Carnet y Rollan de By. Desde su \u00e9poca en Australia, naci\u00f3 su<\/p><p>filosof\u00eda, Olivier Dauga conserva el enfoque global y furiosamente inventivo de los en\u00f3logos<\/p><p>del Nuevo Mundo, y luego crea su negocio de consultor\u00eda de vinos en 2000.<\/p>\t\t\t\t\t\t<\/div>\n\t\t\t\t<\/div>\n\t\t\t\t\t<\/div>\n\t\t<\/div>\n\t\t\t\t\t\t\t<\/div>\n\t\t<\/section>\n\t\t\t\t\t\t\t<\/div>\n\t\t","protected":false},"excerpt":{"rendered":"<p>Olivier Dauga, El Hombre Olivier Dauga, Consultor de vinos No soy un en\u00f3logo, sino un Faiseur en vin\u00ae Olivier Dauga naci\u00f3 en Libourne, en 1964, con una vid en la mano y un racimo de uvas en la otra. Proveniente de una familia de en\u00f3logos, representa con orgullo a la s\u00e9ptima generaci\u00f3n. Construy\u00f3 su aprendizaje [&hellip;]<\/p>\n","protected":false},"author":2,"featured_media":0,"parent":0,"menu_order":0,"comment_status":"closed","ping_status":"closed","template":"","meta":{"footnotes":""},"yoast_head":"<!-- This site is optimized with the Yoast SEO plugin v20.13 - https:\/\/yoast.com\/wordpress\/plugins\/seo\/ -->\n<title>Olivier Dauga, El Hombre - Faiseur de Vin<\/title>\n<meta name=\"robots\" content=\"index, follow, max-snippet:-1, max-image-preview:large, max-video-preview:-1\" \/>\n<link rel=\"canonical\" href=\"https:\/\/www.olivierdauga.com\/es\/olivier-dauga-el-hombre\/\" \/>\n<meta property=\"og:locale\" content=\"es_ES\" \/>\n<meta property=\"og:type\" content=\"article\" \/>\n<meta property=\"og:title\" content=\"Olivier Dauga, El Hombre - Faiseur de Vin\" \/>\n<meta property=\"og:description\" content=\"Olivier Dauga, El Hombre Olivier Dauga, Consultor de vinos No soy un en\u00f3logo, sino un Faiseur en vin\u00ae Olivier Dauga naci\u00f3 en Libourne, en 1964, con una vid en la mano y un racimo de uvas en la otra. Proveniente de una familia de en\u00f3logos, representa con orgullo a la s\u00e9ptima generaci\u00f3n. Construy\u00f3 su aprendizaje [&hellip;]\" \/>\n<meta property=\"og:url\" content=\"https:\/\/www.olivierdauga.com\/es\/olivier-dauga-el-hombre\/\" \/>\n<meta property=\"og:site_name\" content=\"Faiseur de Vin\" \/>\n<meta property=\"article:modified_time\" content=\"2020-07-10T14:21:27+00:00\" \/>\n<meta property=\"og:image\" content=\"https:\/\/www.olivierdauga.com\/wp-content\/uploads\/2020\/05\/07_Faiseur_de_vin-1-e1589382381213.png\" \/>\n<meta name=\"twitter:card\" content=\"summary_large_image\" \/>\n<meta name=\"twitter:label1\" content=\"Tiempo de lectura\" \/>\n\t<meta name=\"twitter:data1\" content=\"1 minuto\" \/>\n<script type=\"application\/ld+json\" class=\"yoast-schema-graph\">{\"@context\":\"https:\/\/schema.org\",\"@graph\":[{\"@type\":\"WebPage\",\"@id\":\"https:\/\/www.olivierdauga.com\/es\/olivier-dauga-el-hombre\/\",\"url\":\"https:\/\/www.olivierdauga.com\/es\/olivier-dauga-el-hombre\/\",\"name\":\"Olivier Dauga, El Hombre - Faiseur de Vin\",\"isPartOf\":{\"@id\":\"https:\/\/www.olivierdauga.com\/#website\"},\"datePublished\":\"2020-06-29T08:52:33+00:00\",\"dateModified\":\"2020-07-10T14:21:27+00:00\",\"breadcrumb\":{\"@id\":\"https:\/\/www.olivierdauga.com\/es\/olivier-dauga-el-hombre\/#breadcrumb\"},\"inLanguage\":\"es\",\"potentialAction\":[{\"@type\":\"ReadAction\",\"target\":[\"https:\/\/www.olivierdauga.com\/es\/olivier-dauga-el-hombre\/\"]}]},{\"@type\":\"BreadcrumbList\",\"@id\":\"https:\/\/www.olivierdauga.com\/es\/olivier-dauga-el-hombre\/#breadcrumb\",\"itemListElement\":[{\"@type\":\"ListItem\",\"position\":1,\"name\":\"Accueil\",\"item\":\"https:\/\/www.olivierdauga.com\/es\/\"},{\"@type\":\"ListItem\",\"position\":2,\"name\":\"Olivier Dauga, El Hombre\"}]},{\"@type\":\"WebSite\",\"@id\":\"https:\/\/www.olivierdauga.com\/#website\",\"url\":\"https:\/\/www.olivierdauga.com\/\",\"name\":\"Faiseur de Vin\",\"description\":\"\",\"potentialAction\":[{\"@type\":\"SearchAction\",\"target\":{\"@type\":\"EntryPoint\",\"urlTemplate\":\"https:\/\/www.olivierdauga.com\/?s={search_term_string}\"},\"query-input\":\"required name=search_term_string\"}],\"inLanguage\":\"es\"}]}<\/script>\n<!-- \/ Yoast SEO plugin. -->","yoast_head_json":{"title":"Olivier Dauga, El Hombre - Faiseur de Vin","robots":{"index":"index","follow":"follow","max-snippet":"max-snippet:-1","max-image-preview":"max-image-preview:large","max-video-preview":"max-video-preview:-1"},"canonical":"https:\/\/www.olivierdauga.com\/es\/olivier-dauga-el-hombre\/","og_locale":"es_ES","og_type":"article","og_title":"Olivier Dauga, El Hombre - Faiseur de Vin","og_description":"Olivier Dauga, El Hombre Olivier Dauga, Consultor de vinos No soy un en\u00f3logo, sino un Faiseur en vin\u00ae Olivier Dauga naci\u00f3 en Libourne, en 1964, con una vid en la mano y un racimo de uvas en la otra. Proveniente de una familia de en\u00f3logos, representa con orgullo a la s\u00e9ptima generaci\u00f3n. Construy\u00f3 su aprendizaje [&hellip;]","og_url":"https:\/\/www.olivierdauga.com\/es\/olivier-dauga-el-hombre\/","og_site_name":"Faiseur de Vin","article_modified_time":"2020-07-10T14:21:27+00:00","og_image":[{"url":"https:\/\/www.olivierdauga.com\/wp-content\/uploads\/2020\/05\/07_Faiseur_de_vin-1-e1589382381213.png"}],"twitter_card":"summary_large_image","twitter_misc":{"Tiempo de lectura":"1 minuto"},"schema":{"@context":"https:\/\/schema.org","@graph":[{"@type":"WebPage","@id":"https:\/\/www.olivierdauga.com\/es\/olivier-dauga-el-hombre\/","url":"https:\/\/www.olivierdauga.com\/es\/olivier-dauga-el-hombre\/","name":"Olivier Dauga, El Hombre - Faiseur de Vin","isPartOf":{"@id":"https:\/\/www.olivierdauga.com\/#website"},"datePublished":"2020-06-29T08:52:33+00:00","dateModified":"2020-07-10T14:21:27+00:00","breadcrumb":{"@id":"https:\/\/www.olivierdauga.com\/es\/olivier-dauga-el-hombre\/#breadcrumb"},"inLanguage":"es","potentialAction":[{"@type":"ReadAction","target":["https:\/\/www.olivierdauga.com\/es\/olivier-dauga-el-hombre\/"]}]},{"@type":"BreadcrumbList","@id":"https:\/\/www.olivierdauga.com\/es\/olivier-dauga-el-hombre\/#breadcrumb","itemListElement":[{"@type":"ListItem","position":1,"name":"Accueil","item":"https:\/\/www.olivierdauga.com\/es\/"},{"@type":"ListItem","position":2,"name":"Olivier Dauga, El Hombre"}]},{"@type":"WebSite","@id":"https:\/\/www.olivierdauga.com\/#website","url":"https:\/\/www.olivierdauga.com\/","name":"Faiseur de Vin","description":"","potentialAction":[{"@type":"SearchAction","target":{"@type":"EntryPoint","urlTemplate":"https:\/\/www.olivierdauga.com\/?s={search_term_string}"},"query-input":"required name=search_term_string"}],"inLanguage":"es"}]}},"_links":{"self":[{"href":"https:\/\/www.olivierdauga.com\/es\/wp-json\/wp\/v2\/pages\/3020"}],"collection":[{"href":"https:\/\/www.olivierdauga.com\/es\/wp-json\/wp\/v2\/pages"}],"about":[{"href":"https:\/\/www.olivierdauga.com\/es\/wp-json\/wp\/v2\/types\/page"}],"author":[{"embeddable":true,"href":"https:\/\/www.olivierdauga.com\/es\/wp-json\/wp\/v2\/users\/2"}],"replies":[{"embeddable":true,"href":"https:\/\/www.olivierdauga.com\/es\/wp-json\/wp\/v2\/comments?post=3020"}],"version-history":[{"count":4,"href":"https:\/\/www.olivierdauga.com\/es\/wp-json\/wp\/v2\/pages\/3020\/revisions"}],"predecessor-version":[{"id":3532,"href":"https:\/\/www.olivierdauga.com\/es\/wp-json\/wp\/v2\/pages\/3020\/revisions\/3532"}],"wp:attachment":[{"href":"https:\/\/www.olivierdauga.com\/es\/wp-json\/wp\/v2\/media?parent=3020"}],"curies":[{"name":"wp","href":"https:\/\/api.w.org\/{rel}","templated":true}]}}