{"id":3011,"date":"2020-06-29T10:45:10","date_gmt":"2020-06-29T08:45:10","guid":{"rendered":"https:\/\/www.olivierdauga.com\/?page_id=3011"},"modified":"2020-07-21T15:08:39","modified_gmt":"2020-07-21T13:08:39","slug":"nuestros-valores","status":"publish","type":"page","link":"https:\/\/www.olivierdauga.com\/es\/nuestros-valores\/","title":{"rendered":"Nuestros valores"},"content":{"rendered":"\t\t<div data-elementor-type=\"wp-page\" data-elementor-id=\"3011\" class=\"elementor elementor-3011\" data-elementor-post-type=\"page\">\n\t\t\t\t\t\t\t\t\t<section class=\"elementor-section elementor-top-section elementor-element elementor-element-6ea76f00 elementor-section-boxed elementor-section-height-default elementor-section-height-default\" data-id=\"6ea76f00\" data-element_type=\"section\" data-settings=\"{&quot;background_background&quot;:&quot;classic&quot;}\">\n\t\t\t\t\t\t\t<div class=\"elementor-background-overlay\"><\/div>\n\t\t\t\t\t\t\t<div class=\"elementor-container elementor-column-gap-default\">\n\t\t\t\t\t<div class=\"elementor-column elementor-col-100 elementor-top-column elementor-element elementor-element-39fa34c5\" data-id=\"39fa34c5\" data-element_type=\"column\">\n\t\t\t<div class=\"elementor-widget-wrap elementor-element-populated\">\n\t\t\t\t\t\t\t\t<div class=\"elementor-element elementor-element-7405fa89 elementor-widget elementor-widget-heading\" data-id=\"7405fa89\" data-element_type=\"widget\" data-widget_type=\"heading.default\">\n\t\t\t\t<div class=\"elementor-widget-container\">\n\t\t\t<h1 class=\"elementor-heading-title elementor-size-default\">Nuestros valores<\/h1>\t\t<\/div>\n\t\t\t\t<\/div>\n\t\t\t\t\t<\/div>\n\t\t<\/div>\n\t\t\t\t\t\t\t<\/div>\n\t\t<\/section>\n\t\t\t\t<section class=\"elementor-section elementor-top-section elementor-element elementor-element-19320f7 elementor-section-boxed elementor-section-height-default elementor-section-height-default\" data-id=\"19320f7\" data-element_type=\"section\">\n\t\t\t\t\t\t\t<div class=\"elementor-background-overlay\"><\/div>\n\t\t\t\t\t\t\t<div class=\"elementor-container elementor-column-gap-default\">\n\t\t\t\t\t<div class=\"elementor-column elementor-col-33 elementor-top-column elementor-element elementor-element-219efcd\" data-id=\"219efcd\" data-element_type=\"column\">\n\t\t\t<div class=\"elementor-widget-wrap elementor-element-populated\">\n\t\t\t\t\t\t\t\t<div class=\"elementor-element elementor-element-9daa3ae elementor-widget elementor-widget-image\" data-id=\"9daa3ae\" data-element_type=\"widget\" data-widget_type=\"image.default\">\n\t\t\t\t<div class=\"elementor-widget-container\">\n\t\t\t\t\t\t\t\t\t\t\t\t\t\t\t<img decoding=\"async\" loading=\"lazy\" width=\"800\" height=\"366\" src=\"https:\/\/www.olivierdauga.com\/wp-content\/uploads\/2020\/05\/01_Prot\u00e9ger-lHomme-et-lenvironnement.jpg\" class=\"attachment-large size-large wp-image-1714\" alt=\"\" srcset=\"https:\/\/www.olivierdauga.com\/wp-content\/uploads\/2020\/05\/01_Prot\u00e9ger-lHomme-et-lenvironnement.jpg 1024w, https:\/\/www.olivierdauga.com\/wp-content\/uploads\/2020\/05\/01_Prot\u00e9ger-lHomme-et-lenvironnement-300x137.jpg 300w, https:\/\/www.olivierdauga.com\/wp-content\/uploads\/2020\/05\/01_Prot\u00e9ger-lHomme-et-lenvironnement-768x352.jpg 768w\" sizes=\"(max-width: 800px) 100vw, 800px\" \/>\t\t\t\t\t\t\t\t\t\t\t\t\t\t\t<\/div>\n\t\t\t\t<\/div>\n\t\t\t\t\t<\/div>\n\t\t<\/div>\n\t\t\t\t<div class=\"elementor-column elementor-col-66 elementor-top-column elementor-element elementor-element-ea98a1a\" data-id=\"ea98a1a\" data-element_type=\"column\">\n\t\t\t<div class=\"elementor-widget-wrap elementor-element-populated\">\n\t\t\t\t\t\t\t\t<div class=\"elementor-element elementor-element-8c8073a elementor-widget elementor-widget-heading\" data-id=\"8c8073a\" data-element_type=\"widget\" data-widget_type=\"heading.default\">\n\t\t\t\t<div class=\"elementor-widget-container\">\n\t\t\t<h2 class=\"elementor-heading-title elementor-size-default\">Proteja al hombre y al medio ambiente, ya sea fauna y flora.<\/h2>\t\t<\/div>\n\t\t\t\t<\/div>\n\t\t\t\t<div class=\"elementor-element elementor-element-065c679 elementor-widget elementor-widget-text-editor\" data-id=\"065c679\" data-element_type=\"widget\" data-widget_type=\"text-editor.default\">\n\t\t\t\t<div class=\"elementor-widget-container\">\n\t\t\t\t\t\t\t<p>Todo nuestro entorno debe ser tomado en cuenta. Estamos limitando los pesticidas,<\/p><p>devolviendo la vida a los vi\u00f1edos y haciendo que las personas sean conscientes de<\/p><p>que toda la fauna y la flora participan activamente en la elaboraci\u00f3n de un vino y son<\/p><p>esenciales para la preservaci\u00f3n de nuestro medio ambiente.<\/p>\t\t\t\t\t\t<\/div>\n\t\t\t\t<\/div>\n\t\t\t\t\t<\/div>\n\t\t<\/div>\n\t\t\t\t\t\t\t<\/div>\n\t\t<\/section>\n\t\t\t\t<section class=\"elementor-section elementor-top-section elementor-element elementor-element-378da51 elementor-section-boxed elementor-section-height-default elementor-section-height-default\" data-id=\"378da51\" data-element_type=\"section\">\n\t\t\t\t\t\t\t<div class=\"elementor-background-overlay\"><\/div>\n\t\t\t\t\t\t\t<div class=\"elementor-container elementor-column-gap-default\">\n\t\t\t\t\t<div class=\"elementor-column elementor-col-66 elementor-top-column elementor-element elementor-element-6d828f1\" data-id=\"6d828f1\" data-element_type=\"column\">\n\t\t\t<div class=\"elementor-widget-wrap elementor-element-populated\">\n\t\t\t\t\t\t\t\t<div class=\"elementor-element elementor-element-050b34e elementor-widget elementor-widget-heading\" data-id=\"050b34e\" data-element_type=\"widget\" data-widget_type=\"heading.default\">\n\t\t\t\t<div class=\"elementor-widget-container\">\n\t\t\t<h2 class=\"elementor-heading-title elementor-size-default\">Por una viticultura sostenible<\/h2>\t\t<\/div>\n\t\t\t\t<\/div>\n\t\t\t\t<div class=\"elementor-element elementor-element-baced52 elementor-widget elementor-widget-text-editor\" data-id=\"baced52\" data-element_type=\"widget\" data-widget_type=\"text-editor.default\">\n\t\t\t\t<div class=\"elementor-widget-container\">\n\t\t\t\t\t\t\t<p>Hoy, est\u00e1 claro que la cuesti\u00f3n del respeto por el medio ambiente, es un fen\u00f3meno social. No deja indiferente al mundo del vino que depende en gran medida de los recursos naturales (clima, agua, suelo, energ\u00eda solar, etc.).<\/p><p>De hecho, la viticultura no ha sido escenario de graves crisis ambientales recientes, como las conocidas en los sectores de la carne de res y aves de corral, pero los viticultores no pueden escapar a un desaf\u00edo porque su actividad productiva est\u00e1 causando molestias ambientales. El m\u00e9todo de protecci\u00f3n de cultivos ha contribuido a la contaminaci\u00f3n de las aguas superficiales y subterr\u00e1neas. Asimismo, este modo tiene un impacto negativo en la fertilidad biol\u00f3gica de los suelos. La imposici\u00f3n de variedades de uva y la pr\u00e1ctica del monocultivo tambi\u00e9n pueden tener un impacto negativo en la biodiversidad y en los paisajes. (Sous-titre) Convertirse a org\u00e1nico y biodin\u00e1mico, Transmitir un ambiente saludable a las generaciones futuras.<\/p>\t\t\t\t\t\t<\/div>\n\t\t\t\t<\/div>\n\t\t\t\t\t<\/div>\n\t\t<\/div>\n\t\t\t\t<div class=\"elementor-column elementor-col-33 elementor-top-column elementor-element elementor-element-d118aea\" data-id=\"d118aea\" data-element_type=\"column\">\n\t\t\t<div class=\"elementor-widget-wrap elementor-element-populated\">\n\t\t\t\t\t\t\t\t<div class=\"elementor-element elementor-element-42cc97f elementor-widget elementor-widget-image\" data-id=\"42cc97f\" data-element_type=\"widget\" data-widget_type=\"image.default\">\n\t\t\t\t<div class=\"elementor-widget-container\">\n\t\t\t\t\t\t\t\t\t\t\t\t\t\t\t<img decoding=\"async\" loading=\"lazy\" width=\"780\" height=\"683\" src=\"https:\/\/www.olivierdauga.com\/wp-content\/uploads\/2020\/05\/02_Pour-une-viniculture-durable.jpg\" class=\"attachment-large size-large wp-image-1723\" alt=\"\" srcset=\"https:\/\/www.olivierdauga.com\/wp-content\/uploads\/2020\/05\/02_Pour-une-viniculture-durable.jpg 780w, https:\/\/www.olivierdauga.com\/wp-content\/uploads\/2020\/05\/02_Pour-une-viniculture-durable-300x263.jpg 300w, https:\/\/www.olivierdauga.com\/wp-content\/uploads\/2020\/05\/02_Pour-une-viniculture-durable-768x672.jpg 768w\" sizes=\"(max-width: 780px) 100vw, 780px\" \/>\t\t\t\t\t\t\t\t\t\t\t\t\t\t\t<\/div>\n\t\t\t\t<\/div>\n\t\t\t\t\t<\/div>\n\t\t<\/div>\n\t\t\t\t\t\t\t<\/div>\n\t\t<\/section>\n\t\t\t\t<section class=\"elementor-section elementor-top-section elementor-element elementor-element-1731ab1 elementor-section-boxed elementor-section-height-default elementor-section-height-default\" data-id=\"1731ab1\" data-element_type=\"section\">\n\t\t\t\t\t\t<div class=\"elementor-container elementor-column-gap-default\">\n\t\t\t\t\t<div class=\"elementor-column elementor-col-33 elementor-top-column elementor-element elementor-element-0ebac72\" data-id=\"0ebac72\" data-element_type=\"column\">\n\t\t\t<div class=\"elementor-widget-wrap elementor-element-populated\">\n\t\t\t\t\t\t\t\t<div class=\"elementor-element elementor-element-031cc84 elementor-widget elementor-widget-image\" data-id=\"031cc84\" data-element_type=\"widget\" data-widget_type=\"image.default\">\n\t\t\t\t<div class=\"elementor-widget-container\">\n\t\t\t\t\t\t\t\t\t\t\t\t\t\t\t<img decoding=\"async\" loading=\"lazy\" width=\"800\" height=\"366\" src=\"https:\/\/www.olivierdauga.com\/wp-content\/uploads\/2020\/05\/02_Convertir-au-bio-et-\u00e0-la-biodynamie.jpg\" class=\"attachment-large size-large wp-image-1719\" alt=\"\" srcset=\"https:\/\/www.olivierdauga.com\/wp-content\/uploads\/2020\/05\/02_Convertir-au-bio-et-\u00e0-la-biodynamie.jpg 1024w, https:\/\/www.olivierdauga.com\/wp-content\/uploads\/2020\/05\/02_Convertir-au-bio-et-\u00e0-la-biodynamie-300x137.jpg 300w, https:\/\/www.olivierdauga.com\/wp-content\/uploads\/2020\/05\/02_Convertir-au-bio-et-\u00e0-la-biodynamie-768x352.jpg 768w\" sizes=\"(max-width: 800px) 100vw, 800px\" \/>\t\t\t\t\t\t\t\t\t\t\t\t\t\t\t<\/div>\n\t\t\t\t<\/div>\n\t\t\t\t\t<\/div>\n\t\t<\/div>\n\t\t\t\t<div class=\"elementor-column elementor-col-66 elementor-top-column elementor-element elementor-element-8d163c0\" data-id=\"8d163c0\" data-element_type=\"column\">\n\t\t\t<div class=\"elementor-widget-wrap elementor-element-populated\">\n\t\t\t\t\t\t\t\t<div class=\"elementor-element elementor-element-feb7513 elementor-widget elementor-widget-heading\" data-id=\"feb7513\" data-element_type=\"widget\" data-widget_type=\"heading.default\">\n\t\t\t\t<div class=\"elementor-widget-container\">\n\t\t\t<h2 class=\"elementor-heading-title elementor-size-default\">Convertirse a org\u00e1nico y biodin\u00e1mico<\/h2>\t\t<\/div>\n\t\t\t\t<\/div>\n\t\t\t\t<div class=\"elementor-element elementor-element-2b26ab5 elementor-widget elementor-widget-text-editor\" data-id=\"2b26ab5\" data-element_type=\"widget\" data-widget_type=\"text-editor.default\">\n\t\t\t\t<div class=\"elementor-widget-container\">\n\t\t\t\t\t\t\t<p>Transmitir un ambiente saludable a las generaciones futuras.<\/p>\t\t\t\t\t\t<\/div>\n\t\t\t\t<\/div>\n\t\t\t\t\t<\/div>\n\t\t<\/div>\n\t\t\t\t\t\t\t<\/div>\n\t\t<\/section>\n\t\t\t\t<section class=\"elementor-section elementor-top-section elementor-element elementor-element-ef70c59 elementor-section-boxed elementor-section-height-default elementor-section-height-default\" data-id=\"ef70c59\" data-element_type=\"section\">\n\t\t\t\t\t\t\t<div class=\"elementor-background-overlay\"><\/div>\n\t\t\t\t\t\t\t<div class=\"elementor-container elementor-column-gap-default\">\n\t\t\t\t\t<div class=\"elementor-column elementor-col-66 elementor-top-column elementor-element elementor-element-be12c57\" data-id=\"be12c57\" data-element_type=\"column\">\n\t\t\t<div class=\"elementor-widget-wrap elementor-element-populated\">\n\t\t\t\t\t\t\t\t<div class=\"elementor-element elementor-element-a0b61cb elementor-widget elementor-widget-heading\" data-id=\"a0b61cb\" data-element_type=\"widget\" data-widget_type=\"heading.default\">\n\t\t\t\t<div class=\"elementor-widget-container\">\n\t\t\t<h2 class=\"elementor-heading-title elementor-size-default\">El vino es el resultado del trabajo humano<\/h2>\t\t<\/div>\n\t\t\t\t<\/div>\n\t\t\t\t<div class=\"elementor-element elementor-element-721e51f elementor-widget elementor-widget-text-editor\" data-id=\"721e51f\" data-element_type=\"widget\" data-widget_type=\"text-editor.default\">\n\t\t\t\t<div class=\"elementor-widget-container\">\n\t\t\t\t\t\t\t<p>Estas \u00abpresiones ambientales\u00bb han sido dejadas de lado por los viticultores que se centraron exclusivamente en el impacto econ\u00f3mico y productivo de los agroqu\u00edmicos en el vi\u00f1edo pero tambi\u00e9n en las bodegas. Esto se basa en el control de enfermedades de la vid y diversas contaminaciones de la vinificaci\u00f3n, con el objetivo de permitir un aumento de los rendimientos y la rentabilidad econ\u00f3mica. Todav\u00eda queda un largo camino por recorrer antes de que todos los consumidores se den cuenta de los riesgos de la intrusi\u00f3n de la qu\u00edmica de la vid en la bodega. Pero cada vez son m\u00e1s las voces que se alzan para denunciar ciertos abusos. As\u00ed, la relaci\u00f3n \u00abvino y salud\u00bb, que incluye tanto la valorizaci\u00f3n de los efectos beneficiosos del vino (enfermedades cardiovasculares, envejecimiento, etc.) como la percepci\u00f3n negativa representada por el riesgo de residuos de pesticidas en las uvas y en \u00e9l, incluso si este \u00faltimo a\u00fan no est\u00e1 afectado por un L\u00edmite M\u00e1ximo de Residuos (LMR).<\/p><p>Por lo tanto, est\u00e1n surgiendo nuevas tendencias con respecto a un consumo m\u00e1s \u00ablimpio\u00bb, como lo ilustra la moda reciente de lo org\u00e1nico, que puede interpretarse como una garant\u00eda para consumir productos elaborados naturalmente o como una \u00e9tica ambiental desarrollada por muchos individuos.<\/p>\t\t\t\t\t\t<\/div>\n\t\t\t\t<\/div>\n\t\t\t\t\t<\/div>\n\t\t<\/div>\n\t\t\t\t<div class=\"elementor-column elementor-col-33 elementor-top-column elementor-element elementor-element-9c8cc79\" data-id=\"9c8cc79\" data-element_type=\"column\">\n\t\t\t<div class=\"elementor-widget-wrap elementor-element-populated\">\n\t\t\t\t\t\t\t\t<div class=\"elementor-element elementor-element-aaba66b elementor-widget elementor-widget-image\" data-id=\"aaba66b\" data-element_type=\"widget\" data-widget_type=\"image.default\">\n\t\t\t\t<div class=\"elementor-widget-container\">\n\t\t\t\t\t\t\t\t\t\t\t\t\t\t\t<img decoding=\"async\" loading=\"lazy\" width=\"780\" height=\"683\" src=\"https:\/\/www.olivierdauga.com\/wp-content\/uploads\/2020\/05\/04_Le-vin-est-la-cons\u00e9quence-du-travail-de-lHomme.jpg\" class=\"attachment-large size-large wp-image-1727\" alt=\"\" srcset=\"https:\/\/www.olivierdauga.com\/wp-content\/uploads\/2020\/05\/04_Le-vin-est-la-cons\u00e9quence-du-travail-de-lHomme.jpg 780w, https:\/\/www.olivierdauga.com\/wp-content\/uploads\/2020\/05\/04_Le-vin-est-la-cons\u00e9quence-du-travail-de-lHomme-300x263.jpg 300w, https:\/\/www.olivierdauga.com\/wp-content\/uploads\/2020\/05\/04_Le-vin-est-la-cons\u00e9quence-du-travail-de-lHomme-768x672.jpg 768w\" sizes=\"(max-width: 780px) 100vw, 780px\" \/>\t\t\t\t\t\t\t\t\t\t\t\t\t\t\t<\/div>\n\t\t\t\t<\/div>\n\t\t\t\t\t<\/div>\n\t\t<\/div>\n\t\t\t\t\t\t\t<\/div>\n\t\t<\/section>\n\t\t\t\t<section class=\"elementor-section elementor-top-section elementor-element elementor-element-1212211 elementor-section-boxed elementor-section-height-default elementor-section-height-default\" data-id=\"1212211\" data-element_type=\"section\">\n\t\t\t\t\t\t<div class=\"elementor-container elementor-column-gap-default\">\n\t\t\t\t\t<div class=\"elementor-column elementor-col-100 elementor-top-column elementor-element elementor-element-ddfb7bd\" data-id=\"ddfb7bd\" data-element_type=\"column\">\n\t\t\t<div class=\"elementor-widget-wrap elementor-element-populated\">\n\t\t\t\t\t\t\t\t<div class=\"elementor-element elementor-element-6fe5f94 elementor-widget elementor-widget-spacer\" data-id=\"6fe5f94\" data-element_type=\"widget\" data-widget_type=\"spacer.default\">\n\t\t\t\t<div class=\"elementor-widget-container\">\n\t\t\t\t\t<div class=\"elementor-spacer\">\n\t\t\t<div class=\"elementor-spacer-inner\"><\/div>\n\t\t<\/div>\n\t\t\t\t<\/div>\n\t\t\t\t<\/div>\n\t\t\t\t\t<\/div>\n\t\t<\/div>\n\t\t\t\t\t\t\t<\/div>\n\t\t<\/section>\n\t\t\t\t\t\t\t<\/div>\n\t\t","protected":false},"excerpt":{"rendered":"<p>Nuestros valores Proteja al hombre y al medio ambiente, ya sea fauna y flora. Todo nuestro entorno debe ser tomado en cuenta. Estamos limitando los pesticidas, devolviendo la vida a los vi\u00f1edos y haciendo que las personas sean conscientes de que toda la fauna y la flora participan activamente en la elaboraci\u00f3n de un vino [&hellip;]<\/p>\n","protected":false},"author":2,"featured_media":0,"parent":0,"menu_order":0,"comment_status":"closed","ping_status":"closed","template":"","meta":{"footnotes":""},"yoast_head":"<!-- This site is optimized with the Yoast SEO plugin v20.13 - https:\/\/yoast.com\/wordpress\/plugins\/seo\/ -->\n<title>Nuestros valores - Faiseur de Vin<\/title>\n<meta name=\"robots\" content=\"index, follow, max-snippet:-1, max-image-preview:large, max-video-preview:-1\" \/>\n<link rel=\"canonical\" href=\"https:\/\/www.olivierdauga.com\/es\/nuestros-valores\/\" \/>\n<meta property=\"og:locale\" content=\"es_ES\" \/>\n<meta property=\"og:type\" content=\"article\" \/>\n<meta property=\"og:title\" content=\"Nuestros valores - Faiseur de Vin\" \/>\n<meta property=\"og:description\" content=\"Nuestros valores Proteja al hombre y al medio ambiente, ya sea fauna y flora. Todo nuestro entorno debe ser tomado en cuenta. Estamos limitando los pesticidas, devolviendo la vida a los vi\u00f1edos y haciendo que las personas sean conscientes de que toda la fauna y la flora participan activamente en la elaboraci\u00f3n de un vino [&hellip;]\" \/>\n<meta property=\"og:url\" content=\"https:\/\/www.olivierdauga.com\/es\/nuestros-valores\/\" \/>\n<meta property=\"og:site_name\" content=\"Faiseur de Vin\" \/>\n<meta property=\"article:modified_time\" content=\"2020-07-21T13:08:39+00:00\" \/>\n<meta property=\"og:image\" content=\"https:\/\/www.olivierdauga.com\/wp-content\/uploads\/2020\/05\/01_Prot\u00e9ger-lHomme-et-lenvironnement.jpg\" \/>\n<meta name=\"twitter:card\" content=\"summary_large_image\" \/>\n<meta name=\"twitter:label1\" content=\"Tiempo de lectura\" \/>\n\t<meta name=\"twitter:data1\" content=\"2 minutos\" \/>\n<script type=\"application\/ld+json\" class=\"yoast-schema-graph\">{\"@context\":\"https:\/\/schema.org\",\"@graph\":[{\"@type\":\"WebPage\",\"@id\":\"https:\/\/www.olivierdauga.com\/es\/nuestros-valores\/\",\"url\":\"https:\/\/www.olivierdauga.com\/es\/nuestros-valores\/\",\"name\":\"Nuestros valores - Faiseur de Vin\",\"isPartOf\":{\"@id\":\"https:\/\/www.olivierdauga.com\/#website\"},\"datePublished\":\"2020-06-29T08:45:10+00:00\",\"dateModified\":\"2020-07-21T13:08:39+00:00\",\"breadcrumb\":{\"@id\":\"https:\/\/www.olivierdauga.com\/es\/nuestros-valores\/#breadcrumb\"},\"inLanguage\":\"es\",\"potentialAction\":[{\"@type\":\"ReadAction\",\"target\":[\"https:\/\/www.olivierdauga.com\/es\/nuestros-valores\/\"]}]},{\"@type\":\"BreadcrumbList\",\"@id\":\"https:\/\/www.olivierdauga.com\/es\/nuestros-valores\/#breadcrumb\",\"itemListElement\":[{\"@type\":\"ListItem\",\"position\":1,\"name\":\"Accueil\",\"item\":\"https:\/\/www.olivierdauga.com\/es\/\"},{\"@type\":\"ListItem\",\"position\":2,\"name\":\"Nuestros valores\"}]},{\"@type\":\"WebSite\",\"@id\":\"https:\/\/www.olivierdauga.com\/#website\",\"url\":\"https:\/\/www.olivierdauga.com\/\",\"name\":\"Faiseur de Vin\",\"description\":\"\",\"potentialAction\":[{\"@type\":\"SearchAction\",\"target\":{\"@type\":\"EntryPoint\",\"urlTemplate\":\"https:\/\/www.olivierdauga.com\/?s={search_term_string}\"},\"query-input\":\"required name=search_term_string\"}],\"inLanguage\":\"es\"}]}<\/script>\n<!-- \/ Yoast SEO plugin. -->","yoast_head_json":{"title":"Nuestros valores - Faiseur de Vin","robots":{"index":"index","follow":"follow","max-snippet":"max-snippet:-1","max-image-preview":"max-image-preview:large","max-video-preview":"max-video-preview:-1"},"canonical":"https:\/\/www.olivierdauga.com\/es\/nuestros-valores\/","og_locale":"es_ES","og_type":"article","og_title":"Nuestros valores - Faiseur de Vin","og_description":"Nuestros valores Proteja al hombre y al medio ambiente, ya sea fauna y flora. Todo nuestro entorno debe ser tomado en cuenta. Estamos limitando los pesticidas, devolviendo la vida a los vi\u00f1edos y haciendo que las personas sean conscientes de que toda la fauna y la flora participan activamente en la elaboraci\u00f3n de un vino [&hellip;]","og_url":"https:\/\/www.olivierdauga.com\/es\/nuestros-valores\/","og_site_name":"Faiseur de Vin","article_modified_time":"2020-07-21T13:08:39+00:00","og_image":[{"url":"https:\/\/www.olivierdauga.com\/wp-content\/uploads\/2020\/05\/01_Prot\u00e9ger-lHomme-et-lenvironnement.jpg"}],"twitter_card":"summary_large_image","twitter_misc":{"Tiempo de lectura":"2 minutos"},"schema":{"@context":"https:\/\/schema.org","@graph":[{"@type":"WebPage","@id":"https:\/\/www.olivierdauga.com\/es\/nuestros-valores\/","url":"https:\/\/www.olivierdauga.com\/es\/nuestros-valores\/","name":"Nuestros valores - Faiseur de Vin","isPartOf":{"@id":"https:\/\/www.olivierdauga.com\/#website"},"datePublished":"2020-06-29T08:45:10+00:00","dateModified":"2020-07-21T13:08:39+00:00","breadcrumb":{"@id":"https:\/\/www.olivierdauga.com\/es\/nuestros-valores\/#breadcrumb"},"inLanguage":"es","potentialAction":[{"@type":"ReadAction","target":["https:\/\/www.olivierdauga.com\/es\/nuestros-valores\/"]}]},{"@type":"BreadcrumbList","@id":"https:\/\/www.olivierdauga.com\/es\/nuestros-valores\/#breadcrumb","itemListElement":[{"@type":"ListItem","position":1,"name":"Accueil","item":"https:\/\/www.olivierdauga.com\/es\/"},{"@type":"ListItem","position":2,"name":"Nuestros valores"}]},{"@type":"WebSite","@id":"https:\/\/www.olivierdauga.com\/#website","url":"https:\/\/www.olivierdauga.com\/","name":"Faiseur de Vin","description":"","potentialAction":[{"@type":"SearchAction","target":{"@type":"EntryPoint","urlTemplate":"https:\/\/www.olivierdauga.com\/?s={search_term_string}"},"query-input":"required name=search_term_string"}],"inLanguage":"es"}]}},"_links":{"self":[{"href":"https:\/\/www.olivierdauga.com\/es\/wp-json\/wp\/v2\/pages\/3011"}],"collection":[{"href":"https:\/\/www.olivierdauga.com\/es\/wp-json\/wp\/v2\/pages"}],"about":[{"href":"https:\/\/www.olivierdauga.com\/es\/wp-json\/wp\/v2\/types\/page"}],"author":[{"embeddable":true,"href":"https:\/\/www.olivierdauga.com\/es\/wp-json\/wp\/v2\/users\/2"}],"replies":[{"embeddable":true,"href":"https:\/\/www.olivierdauga.com\/es\/wp-json\/wp\/v2\/comments?post=3011"}],"version-history":[{"count":5,"href":"https:\/\/www.olivierdauga.com\/es\/wp-json\/wp\/v2\/pages\/3011\/revisions"}],"predecessor-version":[{"id":3665,"href":"https:\/\/www.olivierdauga.com\/es\/wp-json\/wp\/v2\/pages\/3011\/revisions\/3665"}],"wp:attachment":[{"href":"https:\/\/www.olivierdauga.com\/es\/wp-json\/wp\/v2\/media?parent=3011"}],"curies":[{"name":"wp","href":"https:\/\/api.w.org\/{rel}","templated":true}]}}