{"id":3009,"date":"2020-06-29T10:44:45","date_gmt":"2020-06-29T08:44:45","guid":{"rendered":"https:\/\/www.olivierdauga.com\/?page_id=3009"},"modified":"2020-09-08T10:48:39","modified_gmt":"2020-09-08T08:48:39","slug":"quienes-somos","status":"publish","type":"page","link":"https:\/\/www.olivierdauga.com\/es\/quienes-somos\/","title":{"rendered":"Qui\u00e9nes somos"},"content":{"rendered":"\t\t<div data-elementor-type=\"wp-page\" data-elementor-id=\"3009\" class=\"elementor elementor-3009\" data-elementor-post-type=\"page\">\n\t\t\t\t\t\t\t\t\t<section class=\"elementor-section elementor-top-section elementor-element elementor-element-4de46a29 elementor-section-boxed elementor-section-height-default elementor-section-height-default\" data-id=\"4de46a29\" data-element_type=\"section\" data-settings=\"{&quot;background_background&quot;:&quot;classic&quot;}\">\n\t\t\t\t\t\t\t<div class=\"elementor-background-overlay\"><\/div>\n\t\t\t\t\t\t\t<div class=\"elementor-container elementor-column-gap-default\">\n\t\t\t\t\t<div class=\"elementor-column elementor-col-100 elementor-top-column elementor-element elementor-element-30bf6936\" data-id=\"30bf6936\" data-element_type=\"column\">\n\t\t\t<div class=\"elementor-widget-wrap elementor-element-populated\">\n\t\t\t\t\t\t\t\t<div class=\"elementor-element elementor-element-6a9e03d0 elementor-widget elementor-widget-heading\" data-id=\"6a9e03d0\" data-element_type=\"widget\" data-widget_type=\"heading.default\">\n\t\t\t\t<div class=\"elementor-widget-container\">\n\t\t\t<h1 class=\"elementor-heading-title elementor-size-default\">\u00bfQui\u00e9nes somos?<\/h1>\t\t<\/div>\n\t\t\t\t<\/div>\n\t\t\t\t\t<\/div>\n\t\t<\/div>\n\t\t\t\t\t\t\t<\/div>\n\t\t<\/section>\n\t\t\t\t<section class=\"elementor-section elementor-top-section elementor-element elementor-element-df7c7d0 elementor-section-boxed elementor-section-height-default elementor-section-height-default\" data-id=\"df7c7d0\" data-element_type=\"section\">\n\t\t\t\t\t\t<div class=\"elementor-container elementor-column-gap-default\">\n\t\t\t\t\t<div class=\"elementor-column elementor-col-100 elementor-top-column elementor-element elementor-element-360c52a\" data-id=\"360c52a\" data-element_type=\"column\" data-settings=\"{&quot;background_background&quot;:&quot;classic&quot;}\">\n\t\t\t<div class=\"elementor-widget-wrap elementor-element-populated\">\n\t\t\t\t\t<div class=\"elementor-background-overlay\"><\/div>\n\t\t\t\t\t\t\t\t<div class=\"elementor-element elementor-element-0d29438 elementor-widget elementor-widget-spacer\" data-id=\"0d29438\" data-element_type=\"widget\" data-widget_type=\"spacer.default\">\n\t\t\t\t<div class=\"elementor-widget-container\">\n\t\t\t\t\t<div class=\"elementor-spacer\">\n\t\t\t<div class=\"elementor-spacer-inner\"><\/div>\n\t\t<\/div>\n\t\t\t\t<\/div>\n\t\t\t\t<\/div>\n\t\t\t\t<div class=\"elementor-element elementor-element-720fdfe8 elementor-widget elementor-widget-text-editor\" data-id=\"720fdfe8\" data-element_type=\"widget\" data-widget_type=\"text-editor.default\">\n\t\t\t\t<div class=\"elementor-widget-container\">\n\t\t\t\t\t\t\t<p>Nuestra misi\u00f3n es asesorar y apoyar \u00e1reas donde el potencial a menudo est\u00e1 latente o mal explotado.<\/p><p>Brindamos orientaci\u00f3n, implementamos estrategias adapt\u00e1ndonos a la situaci\u00f3n econ\u00f3mica de nuestros clientes.<\/p>\t\t\t\t\t\t<\/div>\n\t\t\t\t<\/div>\n\t\t\t\t<div class=\"elementor-element elementor-element-774135a elementor-widget elementor-widget-image\" data-id=\"774135a\" data-element_type=\"widget\" data-widget_type=\"image.default\">\n\t\t\t\t<div class=\"elementor-widget-container\">\n\t\t\t\t\t\t\t\t\t\t\t\t\t\t\t<img decoding=\"async\" loading=\"lazy\" width=\"1920\" height=\"416\" src=\"https:\/\/www.olivierdauga.com\/wp-content\/uploads\/2020\/05\/02_Barriques.jpg\" class=\"attachment-full size-full wp-image-868\" alt=\"\" srcset=\"https:\/\/www.olivierdauga.com\/wp-content\/uploads\/2020\/05\/02_Barriques.jpg 1920w, https:\/\/www.olivierdauga.com\/wp-content\/uploads\/2020\/05\/02_Barriques-300x65.jpg 300w, https:\/\/www.olivierdauga.com\/wp-content\/uploads\/2020\/05\/02_Barriques-1024x222.jpg 1024w, https:\/\/www.olivierdauga.com\/wp-content\/uploads\/2020\/05\/02_Barriques-768x166.jpg 768w, https:\/\/www.olivierdauga.com\/wp-content\/uploads\/2020\/05\/02_Barriques-1536x333.jpg 1536w\" sizes=\"(max-width: 1920px) 100vw, 1920px\" \/>\t\t\t\t\t\t\t\t\t\t\t\t\t\t\t<\/div>\n\t\t\t\t<\/div>\n\t\t\t\t\t<\/div>\n\t\t<\/div>\n\t\t\t\t\t\t\t<\/div>\n\t\t<\/section>\n\t\t\t\t<section class=\"elementor-section elementor-top-section elementor-element elementor-element-0846ee0 elementor-section-boxed elementor-section-height-default elementor-section-height-default\" data-id=\"0846ee0\" data-element_type=\"section\">\n\t\t\t\t\t\t<div class=\"elementor-container elementor-column-gap-default\">\n\t\t\t\t\t<div class=\"elementor-column elementor-col-100 elementor-top-column elementor-element elementor-element-d94e204\" data-id=\"d94e204\" data-element_type=\"column\">\n\t\t\t<div class=\"elementor-widget-wrap elementor-element-populated\">\n\t\t\t\t\t\t\t\t<div class=\"elementor-element elementor-element-71041c1b elementor-widget elementor-widget-heading\" data-id=\"71041c1b\" data-element_type=\"widget\" data-widget_type=\"heading.default\">\n\t\t\t\t<div class=\"elementor-widget-container\">\n\t\t\t<h2 class=\"elementor-heading-title elementor-size-default\"><i>Hacer vino es bueno, venderlo es mejor<\/i><\/h2>\t\t<\/div>\n\t\t\t\t<\/div>\n\t\t\t\t\t<\/div>\n\t\t<\/div>\n\t\t\t\t\t\t\t<\/div>\n\t\t<\/section>\n\t\t\t\t<section class=\"elementor-section elementor-top-section elementor-element elementor-element-841e3f0 elementor-section-boxed elementor-section-height-default elementor-section-height-default\" data-id=\"841e3f0\" data-element_type=\"section\">\n\t\t\t\t\t\t<div class=\"elementor-container elementor-column-gap-default\">\n\t\t\t\t\t<div class=\"elementor-column elementor-col-100 elementor-top-column elementor-element elementor-element-5882dc3\" data-id=\"5882dc3\" data-element_type=\"column\" data-settings=\"{&quot;background_background&quot;:&quot;classic&quot;}\">\n\t\t\t<div class=\"elementor-widget-wrap elementor-element-populated\">\n\t\t\t\t\t<div class=\"elementor-background-overlay\"><\/div>\n\t\t\t\t\t\t\t\t<div class=\"elementor-element elementor-element-f0f1b88 elementor-widget elementor-widget-image\" data-id=\"f0f1b88\" data-element_type=\"widget\" data-widget_type=\"image.default\">\n\t\t\t\t<div class=\"elementor-widget-container\">\n\t\t\t\t\t\t\t\t\t\t\t\t\t\t\t<img decoding=\"async\" loading=\"lazy\" width=\"1920\" height=\"416\" src=\"https:\/\/www.olivierdauga.com\/wp-content\/uploads\/2020\/05\/03_Bouteilles.jpg\" class=\"attachment-full size-full wp-image-864\" alt=\"\" srcset=\"https:\/\/www.olivierdauga.com\/wp-content\/uploads\/2020\/05\/03_Bouteilles.jpg 1920w, https:\/\/www.olivierdauga.com\/wp-content\/uploads\/2020\/05\/03_Bouteilles-300x65.jpg 300w, https:\/\/www.olivierdauga.com\/wp-content\/uploads\/2020\/05\/03_Bouteilles-1024x222.jpg 1024w, https:\/\/www.olivierdauga.com\/wp-content\/uploads\/2020\/05\/03_Bouteilles-768x166.jpg 768w, https:\/\/www.olivierdauga.com\/wp-content\/uploads\/2020\/05\/03_Bouteilles-1536x333.jpg 1536w\" sizes=\"(max-width: 1920px) 100vw, 1920px\" \/>\t\t\t\t\t\t\t\t\t\t\t\t\t\t\t<\/div>\n\t\t\t\t<\/div>\n\t\t\t\t<div class=\"elementor-element elementor-element-d594fdd elementor-widget elementor-widget-text-editor\" data-id=\"d594fdd\" data-element_type=\"widget\" data-widget_type=\"text-editor.default\">\n\t\t\t\t<div class=\"elementor-widget-container\">\n\t\t\t\t\t\t\t<p>Ofrecemos una gama completa de servicios para construir una estrategia sostenible y cualitativa.<\/p><p>Brindamos a nuestros clientes asistencia personalizada desde la viticultura hasta el asesoramiento sobre estrategias comerciales.<\/p>\t\t\t\t\t\t<\/div>\n\t\t\t\t<\/div>\n\t\t\t\t\t<\/div>\n\t\t<\/div>\n\t\t\t\t\t\t\t<\/div>\n\t\t<\/section>\n\t\t\t\t<section class=\"elementor-section elementor-top-section elementor-element elementor-element-040511d elementor-section-boxed elementor-section-height-default elementor-section-height-default\" data-id=\"040511d\" data-element_type=\"section\">\n\t\t\t\t\t\t<div class=\"elementor-container elementor-column-gap-default\">\n\t\t\t\t\t<div class=\"elementor-column elementor-col-100 elementor-top-column elementor-element elementor-element-2eb169a\" data-id=\"2eb169a\" data-element_type=\"column\">\n\t\t\t<div class=\"elementor-widget-wrap elementor-element-populated\">\n\t\t\t\t\t\t\t\t<div class=\"elementor-element elementor-element-1e8e6a7 elementor-widget elementor-widget-spacer\" data-id=\"1e8e6a7\" data-element_type=\"widget\" data-widget_type=\"spacer.default\">\n\t\t\t\t<div class=\"elementor-widget-container\">\n\t\t\t\t\t<div class=\"elementor-spacer\">\n\t\t\t<div class=\"elementor-spacer-inner\"><\/div>\n\t\t<\/div>\n\t\t\t\t<\/div>\n\t\t\t\t<\/div>\n\t\t\t\t\t<\/div>\n\t\t<\/div>\n\t\t\t\t\t\t\t<\/div>\n\t\t<\/section>\n\t\t\t\t\t\t\t<\/div>\n\t\t","protected":false},"excerpt":{"rendered":"<p>\u00bfQui\u00e9nes somos? Nuestra misi\u00f3n es asesorar y apoyar \u00e1reas donde el potencial a menudo est\u00e1 latente o mal explotado. Brindamos orientaci\u00f3n, implementamos estrategias adapt\u00e1ndonos a la situaci\u00f3n econ\u00f3mica de nuestros clientes. Hacer vino es bueno, venderlo es mejor Ofrecemos una gama completa de servicios para construir una estrategia sostenible y cualitativa. Brindamos a nuestros clientes [&hellip;]<\/p>\n","protected":false},"author":2,"featured_media":0,"parent":0,"menu_order":0,"comment_status":"closed","ping_status":"closed","template":"","meta":{"footnotes":""},"yoast_head":"<!-- This site is optimized with the Yoast SEO plugin v20.13 - https:\/\/yoast.com\/wordpress\/plugins\/seo\/ -->\n<title>Qui\u00e9nes somos - Faiseur de Vin<\/title>\n<meta name=\"robots\" content=\"index, follow, max-snippet:-1, max-image-preview:large, max-video-preview:-1\" \/>\n<link rel=\"canonical\" href=\"https:\/\/www.olivierdauga.com\/es\/quienes-somos\/\" \/>\n<meta property=\"og:locale\" content=\"es_ES\" \/>\n<meta property=\"og:type\" content=\"article\" \/>\n<meta property=\"og:title\" content=\"Qui\u00e9nes somos - Faiseur de Vin\" \/>\n<meta property=\"og:description\" content=\"\u00bfQui\u00e9nes somos? Nuestra misi\u00f3n es asesorar y apoyar \u00e1reas donde el potencial a menudo est\u00e1 latente o mal explotado. Brindamos orientaci\u00f3n, implementamos estrategias adapt\u00e1ndonos a la situaci\u00f3n econ\u00f3mica de nuestros clientes. Hacer vino es bueno, venderlo es mejor Ofrecemos una gama completa de servicios para construir una estrategia sostenible y cualitativa. Brindamos a nuestros clientes [&hellip;]\" \/>\n<meta property=\"og:url\" content=\"https:\/\/www.olivierdauga.com\/es\/quienes-somos\/\" \/>\n<meta property=\"og:site_name\" content=\"Faiseur de Vin\" \/>\n<meta property=\"article:modified_time\" content=\"2020-09-08T08:48:39+00:00\" \/>\n<meta property=\"og:image\" content=\"https:\/\/www.olivierdauga.com\/wp-content\/uploads\/2020\/05\/02_Barriques.jpg\" \/>\n<meta name=\"twitter:card\" content=\"summary_large_image\" \/>\n<script type=\"application\/ld+json\" class=\"yoast-schema-graph\">{\"@context\":\"https:\/\/schema.org\",\"@graph\":[{\"@type\":\"WebPage\",\"@id\":\"https:\/\/www.olivierdauga.com\/es\/quienes-somos\/\",\"url\":\"https:\/\/www.olivierdauga.com\/es\/quienes-somos\/\",\"name\":\"Qui\u00e9nes somos - Faiseur de Vin\",\"isPartOf\":{\"@id\":\"https:\/\/www.olivierdauga.com\/#website\"},\"datePublished\":\"2020-06-29T08:44:45+00:00\",\"dateModified\":\"2020-09-08T08:48:39+00:00\",\"breadcrumb\":{\"@id\":\"https:\/\/www.olivierdauga.com\/es\/quienes-somos\/#breadcrumb\"},\"inLanguage\":\"es\",\"potentialAction\":[{\"@type\":\"ReadAction\",\"target\":[\"https:\/\/www.olivierdauga.com\/es\/quienes-somos\/\"]}]},{\"@type\":\"BreadcrumbList\",\"@id\":\"https:\/\/www.olivierdauga.com\/es\/quienes-somos\/#breadcrumb\",\"itemListElement\":[{\"@type\":\"ListItem\",\"position\":1,\"name\":\"Accueil\",\"item\":\"https:\/\/www.olivierdauga.com\/es\/\"},{\"@type\":\"ListItem\",\"position\":2,\"name\":\"Qui\u00e9nes somos\"}]},{\"@type\":\"WebSite\",\"@id\":\"https:\/\/www.olivierdauga.com\/#website\",\"url\":\"https:\/\/www.olivierdauga.com\/\",\"name\":\"Faiseur de Vin\",\"description\":\"\",\"potentialAction\":[{\"@type\":\"SearchAction\",\"target\":{\"@type\":\"EntryPoint\",\"urlTemplate\":\"https:\/\/www.olivierdauga.com\/?s={search_term_string}\"},\"query-input\":\"required name=search_term_string\"}],\"inLanguage\":\"es\"}]}<\/script>\n<!-- \/ Yoast SEO plugin. -->","yoast_head_json":{"title":"Qui\u00e9nes somos - Faiseur de Vin","robots":{"index":"index","follow":"follow","max-snippet":"max-snippet:-1","max-image-preview":"max-image-preview:large","max-video-preview":"max-video-preview:-1"},"canonical":"https:\/\/www.olivierdauga.com\/es\/quienes-somos\/","og_locale":"es_ES","og_type":"article","og_title":"Qui\u00e9nes somos - Faiseur de Vin","og_description":"\u00bfQui\u00e9nes somos? Nuestra misi\u00f3n es asesorar y apoyar \u00e1reas donde el potencial a menudo est\u00e1 latente o mal explotado. Brindamos orientaci\u00f3n, implementamos estrategias adapt\u00e1ndonos a la situaci\u00f3n econ\u00f3mica de nuestros clientes. Hacer vino es bueno, venderlo es mejor Ofrecemos una gama completa de servicios para construir una estrategia sostenible y cualitativa. Brindamos a nuestros clientes [&hellip;]","og_url":"https:\/\/www.olivierdauga.com\/es\/quienes-somos\/","og_site_name":"Faiseur de Vin","article_modified_time":"2020-09-08T08:48:39+00:00","og_image":[{"url":"https:\/\/www.olivierdauga.com\/wp-content\/uploads\/2020\/05\/02_Barriques.jpg"}],"twitter_card":"summary_large_image","schema":{"@context":"https:\/\/schema.org","@graph":[{"@type":"WebPage","@id":"https:\/\/www.olivierdauga.com\/es\/quienes-somos\/","url":"https:\/\/www.olivierdauga.com\/es\/quienes-somos\/","name":"Qui\u00e9nes somos - Faiseur de Vin","isPartOf":{"@id":"https:\/\/www.olivierdauga.com\/#website"},"datePublished":"2020-06-29T08:44:45+00:00","dateModified":"2020-09-08T08:48:39+00:00","breadcrumb":{"@id":"https:\/\/www.olivierdauga.com\/es\/quienes-somos\/#breadcrumb"},"inLanguage":"es","potentialAction":[{"@type":"ReadAction","target":["https:\/\/www.olivierdauga.com\/es\/quienes-somos\/"]}]},{"@type":"BreadcrumbList","@id":"https:\/\/www.olivierdauga.com\/es\/quienes-somos\/#breadcrumb","itemListElement":[{"@type":"ListItem","position":1,"name":"Accueil","item":"https:\/\/www.olivierdauga.com\/es\/"},{"@type":"ListItem","position":2,"name":"Qui\u00e9nes somos"}]},{"@type":"WebSite","@id":"https:\/\/www.olivierdauga.com\/#website","url":"https:\/\/www.olivierdauga.com\/","name":"Faiseur de Vin","description":"","potentialAction":[{"@type":"SearchAction","target":{"@type":"EntryPoint","urlTemplate":"https:\/\/www.olivierdauga.com\/?s={search_term_string}"},"query-input":"required name=search_term_string"}],"inLanguage":"es"}]}},"_links":{"self":[{"href":"https:\/\/www.olivierdauga.com\/es\/wp-json\/wp\/v2\/pages\/3009"}],"collection":[{"href":"https:\/\/www.olivierdauga.com\/es\/wp-json\/wp\/v2\/pages"}],"about":[{"href":"https:\/\/www.olivierdauga.com\/es\/wp-json\/wp\/v2\/types\/page"}],"author":[{"embeddable":true,"href":"https:\/\/www.olivierdauga.com\/es\/wp-json\/wp\/v2\/users\/2"}],"replies":[{"embeddable":true,"href":"https:\/\/www.olivierdauga.com\/es\/wp-json\/wp\/v2\/comments?post=3009"}],"version-history":[{"count":9,"href":"https:\/\/www.olivierdauga.com\/es\/wp-json\/wp\/v2\/pages\/3009\/revisions"}],"predecessor-version":[{"id":3869,"href":"https:\/\/www.olivierdauga.com\/es\/wp-json\/wp\/v2\/pages\/3009\/revisions\/3869"}],"wp:attachment":[{"href":"https:\/\/www.olivierdauga.com\/es\/wp-json\/wp\/v2\/media?parent=3009"}],"curies":[{"name":"wp","href":"https:\/\/api.w.org\/{rel}","templated":true}]}}